{"id":10157,"date":"2021-09-26T15:43:38","date_gmt":"2021-09-26T13:43:38","guid":{"rendered":"https:\/\/ruepouchkine.com\/?post_type=product&#038;p=10157"},"modified":"2023-12-30T10:43:29","modified_gmt":"2023-12-30T09:43:29","slug":"pere-noel-rouge-noir-et-blanc-2","status":"publish","type":"product","link":"https:\/\/ruepouchkine.com\/en\/produit\/pere-noel-rouge-noir-et-blanc-2\/","title":{"rendered":"(Fran\u00e7ais) P\u00e8re No\u00ebl rouge, noir et blanc &#8211; 2"},"content":{"rendered":"","protected":false},"excerpt":{"rendered":"<p class=\"qtranxs-available-languages-message qtranxs-available-languages-message-en\">Sorry, this entry is only available in <a href=\"https:\/\/ruepouchkine.com\/fr\/wp-json\/wp\/v2\/product\/10157\" class=\"qtranxs-available-language-link qtranxs-available-language-link-fr\" title=\"Fran\u00e7ais\">French<\/a>.<\/p>\n","protected":false},"featured_media":10140,"template":"","meta":{"_et_pb_use_builder":"","_et_pb_old_content":"","_et_gb_content_width":""},"product_cat":[15,21,73],"product_tag":[],"_links":{"self":[{"href":"https:\/\/ruepouchkine.com\/en\/wp-json\/wp\/v2\/product\/10157"}],"collection":[{"href":"https:\/\/ruepouchkine.com\/en\/wp-json\/wp\/v2\/product"}],"about":[{"href":"https:\/\/ruepouchkine.com\/en\/wp-json\/wp\/v2\/types\/product"}],"wp:featuredmedia":[{"embeddable":true,"href":"https:\/\/ruepouchkine.com\/en\/wp-json\/wp\/v2\/media\/10140"}],"wp:attachment":[{"href":"https:\/\/ruepouchkine.com\/en\/wp-json\/wp\/v2\/media?parent=10157"}],"wp:term":[{"taxonomy":"product_cat","embeddable":true,"href":"https:\/\/ruepouchkine.com\/en\/wp-json\/wp\/v2\/product_cat?post=10157"},{"taxonomy":"product_tag","embeddable":true,"href":"https:\/\/ruepouchkine.com\/en\/wp-json\/wp\/v2\/product_tag?post=10157"}],"curies":[{"name":"wp","href":"https:\/\/api.w.org\/{rel}","templated":true}]}}