{"id":10677,"date":"2021-10-13T20:21:36","date_gmt":"2021-10-13T18:21:36","guid":{"rendered":"https:\/\/ruepouchkine.com\/?post_type=product&#038;p=10677"},"modified":"2023-09-05T19:34:41","modified_gmt":"2023-09-05T17:34:41","slug":"magnifique-pere-noel-blanc-et-or-2","status":"publish","type":"product","link":"https:\/\/ruepouchkine.com\/en\/produit\/magnifique-pere-noel-blanc-et-or-2\/","title":{"rendered":"Magnificent santa white and gold"},"content":{"rendered":"","protected":false},"excerpt":{"rendered":"<p><span style=\"color: #bfa760;\">Magnifique p\u00e8re No\u00ebl tout habill\u00e9 de blanc et or.<\/span><br \/>\nSculpture enti\u00e8rement faite main dans du\u00a0 bois de tilleul<br \/>\nPeint main par Irina, qui lui a dessin\u00e9 un costume d&#8217;une grande finesse, avec un incroyable souci des d\u00e9tails.<br \/>\nIl porte sur son dos une hotte pleine de cadeaux, une besace \u00e0 son bras, et une lanterne pour \u00e9clairer son chemin.<br \/>\nIl est sur un socle avec un village peint dessus.<br \/>\nUn joli sapin d\u00e9licatement d\u00e9cor\u00e9 l&#8217;accompagne.<br \/>\nHauteur totale : 41 cm<\/p>\n","protected":false},"featured_media":10671,"template":"","meta":{"_et_pb_use_builder":"","_et_pb_old_content":"","_et_gb_content_width":""},"product_cat":[15,21,72],"product_tag":[],"_links":{"self":[{"href":"https:\/\/ruepouchkine.com\/en\/wp-json\/wp\/v2\/product\/10677"}],"collection":[{"href":"https:\/\/ruepouchkine.com\/en\/wp-json\/wp\/v2\/product"}],"about":[{"href":"https:\/\/ruepouchkine.com\/en\/wp-json\/wp\/v2\/types\/product"}],"wp:featuredmedia":[{"embeddable":true,"href":"https:\/\/ruepouchkine.com\/en\/wp-json\/wp\/v2\/media\/10671"}],"wp:attachment":[{"href":"https:\/\/ruepouchkine.com\/en\/wp-json\/wp\/v2\/media?parent=10677"}],"wp:term":[{"taxonomy":"product_cat","embeddable":true,"href":"https:\/\/ruepouchkine.com\/en\/wp-json\/wp\/v2\/product_cat?post=10677"},{"taxonomy":"product_tag","embeddable":true,"href":"https:\/\/ruepouchkine.com\/en\/wp-json\/wp\/v2\/product_tag?post=10677"}],"curies":[{"name":"wp","href":"https:\/\/api.w.org\/{rel}","templated":true}]}}