{"id":12755,"date":"2025-01-18T16:21:47","date_gmt":"2025-01-18T15:21:47","guid":{"rendered":"https:\/\/ruepouchkine.com\/?post_type=product&#038;p=12755"},"modified":"2025-01-18T16:21:47","modified_gmt":"2025-01-18T15:21:47","slug":"magnifique-pere-noel-roi-de-lhiver-2","status":"publish","type":"product","link":"https:\/\/ruepouchkine.com\/en\/produit\/magnifique-pere-noel-roi-de-lhiver-2\/","title":{"rendered":"Wonderful Santa &#8211; King of Winter"},"content":{"rendered":"<p class=\"qtranxs-available-languages-message qtranxs-available-languages-message-en\">Sorry, this entry is only available in <a href=\"https:\/\/ruepouchkine.com\/fr\/wp-json\/wp\/v2\/product\/12755\" class=\"qtranxs-available-language-link qtranxs-available-language-link-fr\" title=\"Fran\u00e7ais\">French<\/a>.<\/p>","protected":false},"excerpt":{"rendered":"<p><span class=\"HwtZe\" lang=\"fr\"><span class=\"jCAhz ChMk0b\"><span class=\"ryNqvb\">Extraordinaire P\u00e8re No\u00ebl en bois de tilleul.<\/span><\/span> <span class=\"jCAhz ChMk0b\"><span class=\"ryNqvb\">Magnifique \u0153uvre du meilleur sculpteur russe actuel Guenadii et de sa femme Tonia, une peintre totalement extraordinaire,<br \/>\nqui utilise une technique de peinture compl\u00e8tement \u00e9poustouflante qui demande de nombreuses heures de travail pour un seul personnage.<\/span><\/span><br \/>\n<span class=\"jCAhz ChMk0b\"><span class=\"ryNqvb\">La regarder travailler enseigne la patience et la s\u00e9r\u00e9nit\u00e9 !!!<\/span><\/span><span class=\"jCAhz ChMk0b\"><span class=\"ryNqvb\"> Quant \u00e0 Guennadii, il travaille le bois comme personne,<br \/>\n<\/span><\/span><\/span><span class=\"HwtZe\" lang=\"fr\"><span class=\"jCAhz ChMk0b\"><span class=\"ryNqvb\">ses cr\u00e9ations m&#8217;\u00e9merveillent toujours, car il sait donner beaucoup de vie et de pr\u00e9sence \u00e0 tous ses personnages.<\/span><\/span><span class=\"jCAhz ChMk0b\"><span class=\"ryNqvb\"><br \/>\nCe beau p\u00e8re Gel\u00a0 tient dans sa main une tr\u00e8s belle lanterne, qui peut s&#8217;allumer.<\/span><\/span> <span class=\"jCAhz ChMk0b\"><span class=\"ryNqvb\">C&#8217;est mignon, n&#8217;est-ce pas ?<\/span><\/span><span class=\"jCAhz\"><span class=\"ryNqvb\"><br \/>\n<\/span><\/span><\/span><span class=\"HwtZe\" lang=\"fr\"><span class=\"jCAhz\"><span class=\"ryNqvb\">Hauteur : 42 cm<\/span><\/span><\/span><\/p>\n<p>E<span class=\"HwtZe\" lang=\"en\"><span class=\"jCAhz ChMk0b\"><span class=\"ryNqvb\">xtraordinary Father Frost in linden wood.<\/span><\/span> <span class=\"jCAhz ChMk0b\"><span class=\"ryNqvb\">Magnificent work by the best current Russian sculptor Guenadii and his wife Tonia, a totally extraordinary painter,<br \/>\n<\/span><\/span><\/span><span class=\"HwtZe\" lang=\"en\"><span class=\"jCAhz ChMk0b\"><span class=\"ryNqvb\">who uses a completely breathtaking painting technique that requires many hours of work for a single character.<\/span><\/span><span class=\"jCAhz ChMk0b\"><span class=\"ryNqvb\"> Watching her work teaches patience and serenity!!!<\/span><\/span><br \/>\n<span class=\"jCAhz ChMk0b\"><span class=\"ryNqvb\">As for Guennadii, he works wood like no one else, his creations always amaze me, because he knows how to give a lot of life and presence to all his characters.<\/span><\/span><span class=\"jCAhz ChMk0b\"><span class=\"ryNqvb\"><br \/>\n<\/span><\/span><\/span><span class=\"HwtZe\" lang=\"en\"><span class=\"jCAhz ChMk0b\"><span class=\"ryNqvb\">This santa holds a very beautiful lantern in his hand, which can light up.<\/span><\/span> <span class=\"jCAhz\"><span class=\"ryNqvb\">It&#8217;s cute, isn&#8217;t it?<\/span><\/span><span class=\"jCAhz\"><span class=\"ryNqvb\"><br \/>\n<\/span><\/span><\/span><span class=\"HwtZe\" lang=\"en\"><span class=\"jCAhz\"><span class=\"ryNqvb\">Height: 42 cm<\/span><\/span><\/span><\/p>\n","protected":false},"featured_media":12763,"template":"","meta":{"_et_pb_use_builder":"","_et_pb_old_content":"","_et_gb_content_width":""},"product_cat":[15,21,72],"product_tag":[],"_links":{"self":[{"href":"https:\/\/ruepouchkine.com\/en\/wp-json\/wp\/v2\/product\/12755"}],"collection":[{"href":"https:\/\/ruepouchkine.com\/en\/wp-json\/wp\/v2\/product"}],"about":[{"href":"https:\/\/ruepouchkine.com\/en\/wp-json\/wp\/v2\/types\/product"}],"wp:featuredmedia":[{"embeddable":true,"href":"https:\/\/ruepouchkine.com\/en\/wp-json\/wp\/v2\/media\/12763"}],"wp:attachment":[{"href":"https:\/\/ruepouchkine.com\/en\/wp-json\/wp\/v2\/media?parent=12755"}],"wp:term":[{"taxonomy":"product_cat","embeddable":true,"href":"https:\/\/ruepouchkine.com\/en\/wp-json\/wp\/v2\/product_cat?post=12755"},{"taxonomy":"product_tag","embeddable":true,"href":"https:\/\/ruepouchkine.com\/en\/wp-json\/wp\/v2\/product_tag?post=12755"}],"curies":[{"name":"wp","href":"https:\/\/api.w.org\/{rel}","templated":true}]}}