{"id":1606,"date":"2019-07-22T14:17:46","date_gmt":"2019-07-22T12:17:46","guid":{"rendered":"https:\/\/www.ruepouchkine.com\/?post_type=product&#038;p=1606"},"modified":"2023-09-05T19:42:17","modified_gmt":"2023-09-05T17:42:17","slug":"pere-noel-19","status":"publish","type":"product","link":"https:\/\/ruepouchkine.com\/en\/produit\/pere-noel-19\/","title":{"rendered":"P\u00e8re No\u00ebl avec la Petite Fille des Neiges"},"content":{"rendered":"<p>P\u00e8re No\u00ebl tout en rondeur et tr\u00e8s original<br \/>\nLa petite fille des neiges est sculpt\u00e9e directement dans son manteau , ainsi que le petit gar\u00e7on<br \/>\nLong manteau rouge &#8211; finition mat<br \/>\nTaille : 28 cm<\/p>\n","protected":false},"excerpt":{"rendered":"<p>P\u00e8re No\u00ebl tout en rondeur et tr\u00e8s original La petite fille des neiges est sculpt\u00e9e directement dans son manteau , ainsi que le petit gar\u00e7on Long manteau rouge &#8211; finition mat Taille : 28 cm<\/p>\n","protected":false},"featured_media":1470,"template":"","meta":{"_et_pb_use_builder":"","_et_pb_old_content":"","_et_gb_content_width":""},"product_cat":[15,21],"product_tag":[],"_links":{"self":[{"href":"https:\/\/ruepouchkine.com\/en\/wp-json\/wp\/v2\/product\/1606"}],"collection":[{"href":"https:\/\/ruepouchkine.com\/en\/wp-json\/wp\/v2\/product"}],"about":[{"href":"https:\/\/ruepouchkine.com\/en\/wp-json\/wp\/v2\/types\/product"}],"wp:featuredmedia":[{"embeddable":true,"href":"https:\/\/ruepouchkine.com\/en\/wp-json\/wp\/v2\/media\/1470"}],"wp:attachment":[{"href":"https:\/\/ruepouchkine.com\/en\/wp-json\/wp\/v2\/media?parent=1606"}],"wp:term":[{"taxonomy":"product_cat","embeddable":true,"href":"https:\/\/ruepouchkine.com\/en\/wp-json\/wp\/v2\/product_cat?post=1606"},{"taxonomy":"product_tag","embeddable":true,"href":"https:\/\/ruepouchkine.com\/en\/wp-json\/wp\/v2\/product_tag?post=1606"}],"curies":[{"name":"wp","href":"https:\/\/api.w.org\/{rel}","templated":true}]}}