{"id":2421,"date":"2019-07-23T16:21:15","date_gmt":"2019-07-23T14:21:15","guid":{"rendered":"https:\/\/www.ruepouchkine.com\/?post_type=product&#038;p=2421"},"modified":"2023-09-05T19:42:15","modified_gmt":"2023-09-05T17:42:15","slug":"ange-5","status":"publish","type":"product","link":"https:\/\/ruepouchkine.com\/en\/produit\/ange-5\/","title":{"rendered":"Ange de l&#8217;\u00e9t\u00e9"},"content":{"rendered":"<p>Tr\u00e8s bel ange en bois de tilleul &#8211;<br \/>\nLes ailes s&#8217;enl\u00e8vent et se bougent, ce qui vous permettra de donner \u00e0 votre ange le mouvement que vous souhaitez<br \/>\nDessins tr\u00e8s fins rehauss\u00e9s par un d\u00e9licat travail \u00e0 la feuille dor\u00e9e &#8211; tr\u00e8s beaux d\u00e9grad\u00e9s de bleu<br \/>\nCet ange vous invite \u00e0 vivre une fin de journ\u00e9e d&#8217;\u00e9t\u00e9 avec lui<br \/>\nTaille : 32 cm<\/p>\n","protected":false},"excerpt":{"rendered":"<p>Tr\u00e8s bel ange en bois de tilleul &#8211; Les ailes s&#8217;enl\u00e8vent et se bougent, ce qui vous permettra de donner \u00e0 votre ange le mouvement que vous souhaitez Dessins tr\u00e8s fins rehauss\u00e9s par un d\u00e9licat travail \u00e0 la feuille dor\u00e9e &#8211; tr\u00e8s beaux d\u00e9grad\u00e9s de bleu Cet ange vous invite \u00e0 vivre une fin de [&hellip;]<\/p>\n","protected":false},"featured_media":1920,"template":"","meta":{"_et_pb_use_builder":"","_et_pb_old_content":"","_et_gb_content_width":""},"product_cat":[15,71],"product_tag":[],"_links":{"self":[{"href":"https:\/\/ruepouchkine.com\/en\/wp-json\/wp\/v2\/product\/2421"}],"collection":[{"href":"https:\/\/ruepouchkine.com\/en\/wp-json\/wp\/v2\/product"}],"about":[{"href":"https:\/\/ruepouchkine.com\/en\/wp-json\/wp\/v2\/types\/product"}],"wp:featuredmedia":[{"embeddable":true,"href":"https:\/\/ruepouchkine.com\/en\/wp-json\/wp\/v2\/media\/1920"}],"wp:attachment":[{"href":"https:\/\/ruepouchkine.com\/en\/wp-json\/wp\/v2\/media?parent=2421"}],"wp:term":[{"taxonomy":"product_cat","embeddable":true,"href":"https:\/\/ruepouchkine.com\/en\/wp-json\/wp\/v2\/product_cat?post=2421"},{"taxonomy":"product_tag","embeddable":true,"href":"https:\/\/ruepouchkine.com\/en\/wp-json\/wp\/v2\/product_tag?post=2421"}],"curies":[{"name":"wp","href":"https:\/\/api.w.org\/{rel}","templated":true}]}}