{"id":2637,"date":"2019-07-27T18:13:18","date_gmt":"2019-07-27T16:13:18","guid":{"rendered":"https:\/\/www.ruepouchkine.com\/?post_type=product&#038;p=2637"},"modified":"2023-09-05T19:42:13","modified_gmt":"2023-09-05T17:42:13","slug":"matriochka-traditionnelle-14","status":"publish","type":"product","link":"https:\/\/ruepouchkine.com\/en\/produit\/matriochka-traditionnelle-14\/","title":{"rendered":"Matriochka aux fleurs"},"content":{"rendered":"<p>Tr\u00e8s jolie matriochka peinte \u00e0 l&#8217;aquarelle et laqu\u00e9e mat<br \/>\nTravail tr\u00e8s fin et tr\u00e8s raffin\u00e9<br \/>\n5 pi\u00e8ces &#8211; 10 cm<br \/>\nAnn\u00e9e : 1996<\/p>\n","protected":false},"excerpt":{"rendered":"<p>Tr\u00e8s jolie matriochka peinte \u00e0 l&#8217;aquarelle et laqu\u00e9e mat Travail tr\u00e8s fin et tr\u00e8s raffin\u00e9 5 pi\u00e8ces &#8211; 10 cm Ann\u00e9e : 1996<\/p>\n","protected":false},"featured_media":2572,"template":"","meta":{"_et_pb_use_builder":"","_et_pb_old_content":"","_et_gb_content_width":""},"product_cat":[15,20],"product_tag":[],"_links":{"self":[{"href":"https:\/\/ruepouchkine.com\/en\/wp-json\/wp\/v2\/product\/2637"}],"collection":[{"href":"https:\/\/ruepouchkine.com\/en\/wp-json\/wp\/v2\/product"}],"about":[{"href":"https:\/\/ruepouchkine.com\/en\/wp-json\/wp\/v2\/types\/product"}],"wp:featuredmedia":[{"embeddable":true,"href":"https:\/\/ruepouchkine.com\/en\/wp-json\/wp\/v2\/media\/2572"}],"wp:attachment":[{"href":"https:\/\/ruepouchkine.com\/en\/wp-json\/wp\/v2\/media?parent=2637"}],"wp:term":[{"taxonomy":"product_cat","embeddable":true,"href":"https:\/\/ruepouchkine.com\/en\/wp-json\/wp\/v2\/product_cat?post=2637"},{"taxonomy":"product_tag","embeddable":true,"href":"https:\/\/ruepouchkine.com\/en\/wp-json\/wp\/v2\/product_tag?post=2637"}],"curies":[{"name":"wp","href":"https:\/\/api.w.org\/{rel}","templated":true}]}}