{"id":2638,"date":"2019-07-27T18:14:01","date_gmt":"2019-07-27T16:14:01","guid":{"rendered":"https:\/\/www.ruepouchkine.com\/?post_type=product&#038;p=2638"},"modified":"2023-09-05T19:42:13","modified_gmt":"2023-09-05T17:42:13","slug":"matriochka-traditionnelle-15","status":"publish","type":"product","link":"https:\/\/ruepouchkine.com\/en\/produit\/matriochka-traditionnelle-15\/","title":{"rendered":"Matriochka traditionnelle"},"content":{"rendered":"<p>Matriochka de 7 pi\u00e8ces tr\u00e8s finement dessin\u00e9e &#8211;<br \/>\nJolis costumes, ravissants visages<br \/>\nTaille : 12 cm &#8211; Ann\u00e9e : 1997<\/p>\n","protected":false},"excerpt":{"rendered":"<p>Matriochka de 7 pi\u00e8ces tr\u00e8s finement dessin\u00e9e &#8211; Jolis costumes, ravissants visages Taille : 12 cm &#8211; Ann\u00e9e : 1997<\/p>\n","protected":false},"featured_media":2568,"template":"","meta":{"_et_pb_use_builder":"","_et_pb_old_content":"","_et_gb_content_width":""},"product_cat":[15,20],"product_tag":[],"_links":{"self":[{"href":"https:\/\/ruepouchkine.com\/en\/wp-json\/wp\/v2\/product\/2638"}],"collection":[{"href":"https:\/\/ruepouchkine.com\/en\/wp-json\/wp\/v2\/product"}],"about":[{"href":"https:\/\/ruepouchkine.com\/en\/wp-json\/wp\/v2\/types\/product"}],"wp:featuredmedia":[{"embeddable":true,"href":"https:\/\/ruepouchkine.com\/en\/wp-json\/wp\/v2\/media\/2568"}],"wp:attachment":[{"href":"https:\/\/ruepouchkine.com\/en\/wp-json\/wp\/v2\/media?parent=2638"}],"wp:term":[{"taxonomy":"product_cat","embeddable":true,"href":"https:\/\/ruepouchkine.com\/en\/wp-json\/wp\/v2\/product_cat?post=2638"},{"taxonomy":"product_tag","embeddable":true,"href":"https:\/\/ruepouchkine.com\/en\/wp-json\/wp\/v2\/product_tag?post=2638"}],"curies":[{"name":"wp","href":"https:\/\/api.w.org\/{rel}","templated":true}]}}