{"id":2643,"date":"2019-07-27T18:17:11","date_gmt":"2019-07-27T16:17:11","guid":{"rendered":"https:\/\/www.ruepouchkine.com\/?post_type=product&#038;p=2643"},"modified":"2023-09-05T19:42:13","modified_gmt":"2023-09-05T17:42:13","slug":"pere-noel-14","status":"publish","type":"product","link":"https:\/\/ruepouchkine.com\/en\/produit\/pere-noel-14\/","title":{"rendered":"P\u00e8re No\u00ebl"},"content":{"rendered":"<p>P\u00e8re No\u00ebl droit blanc et or avec une tr\u00e8s grosse hotte sur l&#8217;\u00e9paule et un beau sac en bandouli\u00e8re<br \/>\nBeaucoup de cadeaux et courriers \u00e0 distribuer!!<br \/>\nVisage jovial, j&#8217;aime \u00e9norm\u00e9ment les visages de ce sculpteur.<br \/>\nCouleurs douces et originales pour un roi de l&#8217;hiver gracieux.<br \/>\nTaille : 35 cm<\/p>\n","protected":false},"excerpt":{"rendered":"<p>P\u00e8re No\u00ebl droit blanc et or avec une tr\u00e8s grosse hotte sur l&#8217;\u00e9paule et un beau sac en bandouli\u00e8re Beaucoup de cadeaux et courriers \u00e0 distribuer!! Visage jovial, j&#8217;aime \u00e9norm\u00e9ment les visages de ce sculpteur. Couleurs douces et originales pour un roi de l&#8217;hiver gracieux. Taille : 35 cm<\/p>\n","protected":false},"featured_media":2495,"template":"","meta":{"_et_pb_use_builder":"","_et_pb_old_content":"","_et_gb_content_width":""},"product_cat":[15,21],"product_tag":[],"_links":{"self":[{"href":"https:\/\/ruepouchkine.com\/en\/wp-json\/wp\/v2\/product\/2643"}],"collection":[{"href":"https:\/\/ruepouchkine.com\/en\/wp-json\/wp\/v2\/product"}],"about":[{"href":"https:\/\/ruepouchkine.com\/en\/wp-json\/wp\/v2\/types\/product"}],"wp:featuredmedia":[{"embeddable":true,"href":"https:\/\/ruepouchkine.com\/en\/wp-json\/wp\/v2\/media\/2495"}],"wp:attachment":[{"href":"https:\/\/ruepouchkine.com\/en\/wp-json\/wp\/v2\/media?parent=2643"}],"wp:term":[{"taxonomy":"product_cat","embeddable":true,"href":"https:\/\/ruepouchkine.com\/en\/wp-json\/wp\/v2\/product_cat?post=2643"},{"taxonomy":"product_tag","embeddable":true,"href":"https:\/\/ruepouchkine.com\/en\/wp-json\/wp\/v2\/product_tag?post=2643"}],"curies":[{"name":"wp","href":"https:\/\/api.w.org\/{rel}","templated":true}]}}