{"id":2652,"date":"2019-07-27T18:28:07","date_gmt":"2019-07-27T16:28:07","guid":{"rendered":"https:\/\/www.ruepouchkine.com\/?post_type=product&#038;p=2652"},"modified":"2023-12-30T10:34:26","modified_gmt":"2023-12-30T09:34:26","slug":"ange-12","status":"publish","type":"product","link":"https:\/\/ruepouchkine.com\/en\/produit\/ange-12\/","title":{"rendered":"Ange Jardin d&#8217;\u00e9t\u00e9"},"content":{"rendered":"","protected":false},"excerpt":{"rendered":"<p>Ange en bois de tilleul &#8211; Sculpt\u00e9 et peint mains<\/p>\n","protected":false},"featured_media":7030,"template":"","meta":{"_et_pb_use_builder":"","_et_pb_old_content":"","_et_gb_content_width":""},"product_cat":[15,71],"product_tag":[],"_links":{"self":[{"href":"https:\/\/ruepouchkine.com\/en\/wp-json\/wp\/v2\/product\/2652"}],"collection":[{"href":"https:\/\/ruepouchkine.com\/en\/wp-json\/wp\/v2\/product"}],"about":[{"href":"https:\/\/ruepouchkine.com\/en\/wp-json\/wp\/v2\/types\/product"}],"wp:featuredmedia":[{"embeddable":true,"href":"https:\/\/ruepouchkine.com\/en\/wp-json\/wp\/v2\/media\/7030"}],"wp:attachment":[{"href":"https:\/\/ruepouchkine.com\/en\/wp-json\/wp\/v2\/media?parent=2652"}],"wp:term":[{"taxonomy":"product_cat","embeddable":true,"href":"https:\/\/ruepouchkine.com\/en\/wp-json\/wp\/v2\/product_cat?post=2652"},{"taxonomy":"product_tag","embeddable":true,"href":"https:\/\/ruepouchkine.com\/en\/wp-json\/wp\/v2\/product_tag?post=2652"}],"curies":[{"name":"wp","href":"https:\/\/api.w.org\/{rel}","templated":true}]}}