{"id":3375,"date":"2019-08-20T16:56:56","date_gmt":"2019-08-20T14:56:56","guid":{"rendered":"https:\/\/www.ruepouchkine.com\/?post_type=product&#038;p=3375"},"modified":"2023-09-05T19:42:10","modified_gmt":"2023-09-05T17:42:10","slug":"pere-noel-avec-son-chat","status":"publish","type":"product","link":"https:\/\/ruepouchkine.com\/en\/produit\/pere-noel-avec-son-chat\/","title":{"rendered":"P\u00e8re No\u00ebl avec son chat"},"content":{"rendered":"<p>Original p\u00e8re No\u00ebl avec son beau chat roux sous le bras<br \/>\nTr\u00e8s joli manteau court sur pantalon rentr\u00e9 dans de grosses bottes en feutrine<br \/>\nTravail \u00e0 la feuille pour donner encore plus de relief \u00e0 ce v\u00eatement<br \/>\nHauteur : 26 cm<\/p>\n","protected":false},"excerpt":{"rendered":"<p>Original p\u00e8re No\u00ebl avec son beau chat roux sous le bras Tr\u00e8s joli manteau court sur pantalon rentr\u00e9 dans de grosses bottes en feutrine Travail \u00e0 la feuille pour donner encore plus de relief \u00e0 ce v\u00eatement Hauteur : 26 cm<\/p>\n","protected":false},"featured_media":3378,"template":"","meta":{"_et_pb_use_builder":"","_et_pb_old_content":"","_et_gb_content_width":""},"product_cat":[15,21],"product_tag":[],"_links":{"self":[{"href":"https:\/\/ruepouchkine.com\/en\/wp-json\/wp\/v2\/product\/3375"}],"collection":[{"href":"https:\/\/ruepouchkine.com\/en\/wp-json\/wp\/v2\/product"}],"about":[{"href":"https:\/\/ruepouchkine.com\/en\/wp-json\/wp\/v2\/types\/product"}],"wp:featuredmedia":[{"embeddable":true,"href":"https:\/\/ruepouchkine.com\/en\/wp-json\/wp\/v2\/media\/3378"}],"wp:attachment":[{"href":"https:\/\/ruepouchkine.com\/en\/wp-json\/wp\/v2\/media?parent=3375"}],"wp:term":[{"taxonomy":"product_cat","embeddable":true,"href":"https:\/\/ruepouchkine.com\/en\/wp-json\/wp\/v2\/product_cat?post=3375"},{"taxonomy":"product_tag","embeddable":true,"href":"https:\/\/ruepouchkine.com\/en\/wp-json\/wp\/v2\/product_tag?post=3375"}],"curies":[{"name":"wp","href":"https:\/\/api.w.org\/{rel}","templated":true}]}}