{"id":3391,"date":"2019-08-20T17:21:28","date_gmt":"2019-08-20T15:21:28","guid":{"rendered":"https:\/\/www.ruepouchkine.com\/?post_type=product&#038;p=3391"},"modified":"2023-09-05T19:42:10","modified_gmt":"2023-09-05T17:42:10","slug":"ancien","status":"publish","type":"product","link":"https:\/\/ruepouchkine.com\/en\/produit\/ancien\/","title":{"rendered":"Ancien seau &#8211; fin 19\u00e8me si\u00e8cle"},"content":{"rendered":"<p>Cet objet de grande utilit\u00e9 \u00e9tait destin\u00e9 \u00e0 mettre le lait que l&#8217;on trayait de la vache<br \/>\nTout en bois et en parfait \u00e9tat &#8211; il date de la fin du 19\u00e8me si\u00e8cle et il a \u00e9t\u00e9 peint de tr\u00e8s belle mani\u00e8re pour lui redonner vie<br \/>\nJ&#8217;adore ces objets, qui ont eu plein de vies!<br \/>\nDiam\u00e8tre : 25 cm<br \/>\nHauteur : 17 cm<br \/>\nLes oeufs ne sont pas vendus avec &#8211; si vous en souhaitez, ils sont \u00e0 6 \u20ac pi\u00e8ce<\/p>\n","protected":false},"excerpt":{"rendered":"<p>Cet objet de grande utilit\u00e9 \u00e9tait destin\u00e9 \u00e0 mettre le lait que l&#8217;on trayait de la vache Tout en bois et en parfait \u00e9tat &#8211; il date de la fin du 19\u00e8me si\u00e8cle et il a \u00e9t\u00e9 peint de tr\u00e8s belle mani\u00e8re pour lui redonner vie J&#8217;adore ces objets, qui ont eu plein de vies! [&hellip;]<\/p>\n","protected":false},"featured_media":2614,"template":"","meta":{"_et_pb_use_builder":"","_et_pb_old_content":"","_et_gb_content_width":""},"product_cat":[15,34],"product_tag":[],"_links":{"self":[{"href":"https:\/\/ruepouchkine.com\/en\/wp-json\/wp\/v2\/product\/3391"}],"collection":[{"href":"https:\/\/ruepouchkine.com\/en\/wp-json\/wp\/v2\/product"}],"about":[{"href":"https:\/\/ruepouchkine.com\/en\/wp-json\/wp\/v2\/types\/product"}],"wp:featuredmedia":[{"embeddable":true,"href":"https:\/\/ruepouchkine.com\/en\/wp-json\/wp\/v2\/media\/2614"}],"wp:attachment":[{"href":"https:\/\/ruepouchkine.com\/en\/wp-json\/wp\/v2\/media?parent=3391"}],"wp:term":[{"taxonomy":"product_cat","embeddable":true,"href":"https:\/\/ruepouchkine.com\/en\/wp-json\/wp\/v2\/product_cat?post=3391"},{"taxonomy":"product_tag","embeddable":true,"href":"https:\/\/ruepouchkine.com\/en\/wp-json\/wp\/v2\/product_tag?post=3391"}],"curies":[{"name":"wp","href":"https:\/\/api.w.org\/{rel}","templated":true}]}}