{"id":3523,"date":"2019-08-21T10:53:29","date_gmt":"2019-08-21T08:53:29","guid":{"rendered":"https:\/\/www.ruepouchkine.com\/?post_type=product&#038;p=3523"},"modified":"2019-08-27T11:34:42","modified_gmt":"2019-08-27T09:34:42","slug":"tasse-a-the-10","status":"publish","type":"product","link":"https:\/\/ruepouchkine.com\/en\/produit\/tasse-a-the-10\/","title":{"rendered":"Tasse \u00e0 th\u00e9"},"content":{"rendered":"<p>Tr\u00e8s belle porcelaine blanche de la Manufacture Imp\u00e9riale de Saint-P\u00e9tersbourg<br \/>\nLiser\u00e9 \u00e0 l&#8217;or sur la soucoupe et la tasse<br \/>\nHommage \u00e0 Elisabeth BOEHM, grande illustratrice de Saint-P\u00e9tersbourg<br \/>\nLes enfants, qu&#8217;elle a peints toute sa vie, sont ici repr\u00e9sent\u00e9s en ombre chinoise, technique qu&#8217;elle affectionnait \u00e9galement<br \/>\nR\u00e9f.: 8115707<\/p>\n","protected":false},"excerpt":{"rendered":"<p>Tr\u00e8s belle porcelaine blanche de la Manufacture Imp\u00e9riale de Saint-P\u00e9tersbourg Liser\u00e9 \u00e0 l&#8217;or sur la soucoupe et la tasse Hommage \u00e0 Elisabeth BOEHM, grande illustratrice de Saint-P\u00e9tersbourg Les enfants, qu&#8217;elle a peints toute sa vie, sont ici repr\u00e9sent\u00e9s en ombre chinoise, technique qu&#8217;elle affectionnait \u00e9galement R\u00e9f.: 8115707<\/p>\n","protected":false},"featured_media":3519,"template":"","meta":{"_et_pb_use_builder":"","_et_pb_old_content":"","_et_gb_content_width":""},"product_cat":[15,26],"product_tag":[],"_links":{"self":[{"href":"https:\/\/ruepouchkine.com\/en\/wp-json\/wp\/v2\/product\/3523"}],"collection":[{"href":"https:\/\/ruepouchkine.com\/en\/wp-json\/wp\/v2\/product"}],"about":[{"href":"https:\/\/ruepouchkine.com\/en\/wp-json\/wp\/v2\/types\/product"}],"wp:featuredmedia":[{"embeddable":true,"href":"https:\/\/ruepouchkine.com\/en\/wp-json\/wp\/v2\/media\/3519"}],"wp:attachment":[{"href":"https:\/\/ruepouchkine.com\/en\/wp-json\/wp\/v2\/media?parent=3523"}],"wp:term":[{"taxonomy":"product_cat","embeddable":true,"href":"https:\/\/ruepouchkine.com\/en\/wp-json\/wp\/v2\/product_cat?post=3523"},{"taxonomy":"product_tag","embeddable":true,"href":"https:\/\/ruepouchkine.com\/en\/wp-json\/wp\/v2\/product_tag?post=3523"}],"curies":[{"name":"wp","href":"https:\/\/api.w.org\/{rel}","templated":true}]}}