{"id":3543,"date":"2019-08-21T11:14:13","date_gmt":"2019-08-21T09:14:13","guid":{"rendered":"https:\/\/www.ruepouchkine.com\/?post_type=product&#038;p=3543"},"modified":"2019-08-27T11:34:42","modified_gmt":"2019-08-27T09:34:42","slug":"tasse-a-the-bilibina-russian-medieval-2","status":"publish","type":"product","link":"https:\/\/ruepouchkine.com\/en\/produit\/tasse-a-the-bilibina-russian-medieval-2\/","title":{"rendered":"Tasse \u00e0 th\u00e9 BILIBINA Russian Medieval"},"content":{"rendered":"<p>Magnifique tasse de la Manufacture Imp\u00e9riale de Saint-P\u00e9tersbourg<br \/>\nGrande finesse de la porcelaine et des motifs 6 tr\u00e8s fine poign\u00e9e de tasse<br \/>\nVoyage dans le temps<\/p>\n","protected":false},"excerpt":{"rendered":"<p>Magnifique tasse de la Manufacture Imp\u00e9riale de Saint-P\u00e9tersbourg Grande finesse de la porcelaine et des motifs 6 tr\u00e8s fine poign\u00e9e de tasse Voyage dans le temps<\/p>\n","protected":false},"featured_media":3535,"template":"","meta":{"_et_pb_use_builder":"","_et_pb_old_content":"","_et_gb_content_width":""},"product_cat":[15],"product_tag":[],"_links":{"self":[{"href":"https:\/\/ruepouchkine.com\/en\/wp-json\/wp\/v2\/product\/3543"}],"collection":[{"href":"https:\/\/ruepouchkine.com\/en\/wp-json\/wp\/v2\/product"}],"about":[{"href":"https:\/\/ruepouchkine.com\/en\/wp-json\/wp\/v2\/types\/product"}],"wp:featuredmedia":[{"embeddable":true,"href":"https:\/\/ruepouchkine.com\/en\/wp-json\/wp\/v2\/media\/3535"}],"wp:attachment":[{"href":"https:\/\/ruepouchkine.com\/en\/wp-json\/wp\/v2\/media?parent=3543"}],"wp:term":[{"taxonomy":"product_cat","embeddable":true,"href":"https:\/\/ruepouchkine.com\/en\/wp-json\/wp\/v2\/product_cat?post=3543"},{"taxonomy":"product_tag","embeddable":true,"href":"https:\/\/ruepouchkine.com\/en\/wp-json\/wp\/v2\/product_tag?post=3543"}],"curies":[{"name":"wp","href":"https:\/\/api.w.org\/{rel}","templated":true}]}}