{"id":3614,"date":"2019-08-21T15:08:53","date_gmt":"2019-08-21T13:08:53","guid":{"rendered":"https:\/\/www.ruepouchkine.com\/?post_type=product&#038;p=3614"},"modified":"2019-08-27T11:34:26","modified_gmt":"2019-08-27T09:34:26","slug":"assiette-le-petit-prince-2","status":"publish","type":"product","link":"https:\/\/ruepouchkine.com\/en\/produit\/assiette-le-petit-prince-2\/","title":{"rendered":"Assiette LE PETIT PRINCE"},"content":{"rendered":"<p>Magnifique s\u00e9rie en hommage au Petit Prince d&#8217;Antoine de Saint-Exup\u00e9ry par la Manufacture Imp\u00e9riale de Saint-P\u00e9tersbourg<br \/>\n&#8221;<span class=\"tlid-translation translation\" lang=\"fr\"><span class=\"\" title=\"\">Les \u00e9toiles brillent pour que t\u00f4t ou tard chacun puisse retrouver la sienne<\/span><\/span>&#8230;.&#8221;<br \/>\nTr\u00e8s jolie assiette de 20 cm de diam\u00e8tre<br \/>\nTr\u00e8s bel emballage avec des passages du Petit Prince en plusieurs langues<\/p>\n","protected":false},"excerpt":{"rendered":"<p>Magnifique s\u00e9rie en hommage au Petit Prince d&#8217;Antoine de Saint-Exup\u00e9ry par la Manufacture Imp\u00e9riale de Saint-P\u00e9tersbourg &#8221;Les \u00e9toiles brillent pour que t\u00f4t ou tard chacun puisse retrouver la sienne&#8230;.&#8221; Tr\u00e8s jolie assiette de 20 cm de diam\u00e8tre Tr\u00e8s bel emballage avec des passages du Petit Prince en plusieurs langues<\/p>\n","protected":false},"featured_media":3574,"template":"","meta":{"_et_pb_use_builder":"","_et_pb_old_content":"","_et_gb_content_width":""},"product_cat":[15],"product_tag":[],"_links":{"self":[{"href":"https:\/\/ruepouchkine.com\/en\/wp-json\/wp\/v2\/product\/3614"}],"collection":[{"href":"https:\/\/ruepouchkine.com\/en\/wp-json\/wp\/v2\/product"}],"about":[{"href":"https:\/\/ruepouchkine.com\/en\/wp-json\/wp\/v2\/types\/product"}],"wp:featuredmedia":[{"embeddable":true,"href":"https:\/\/ruepouchkine.com\/en\/wp-json\/wp\/v2\/media\/3574"}],"wp:attachment":[{"href":"https:\/\/ruepouchkine.com\/en\/wp-json\/wp\/v2\/media?parent=3614"}],"wp:term":[{"taxonomy":"product_cat","embeddable":true,"href":"https:\/\/ruepouchkine.com\/en\/wp-json\/wp\/v2\/product_cat?post=3614"},{"taxonomy":"product_tag","embeddable":true,"href":"https:\/\/ruepouchkine.com\/en\/wp-json\/wp\/v2\/product_tag?post=3614"}],"curies":[{"name":"wp","href":"https:\/\/api.w.org\/{rel}","templated":true}]}}