{"id":3906,"date":"2019-08-26T08:27:24","date_gmt":"2019-08-26T06:27:24","guid":{"rendered":"https:\/\/www.ruepouchkine.com\/?post_type=product&#038;p=3906"},"modified":"2023-09-05T19:42:07","modified_gmt":"2023-09-05T17:42:07","slug":"icone-vierge-a-lenfant","status":"publish","type":"product","link":"https:\/\/ruepouchkine.com\/en\/produit\/icone-vierge-a-lenfant\/","title":{"rendered":"Ic\u00f4ne Vierge \u00e0 l&#8217;enfant &#8211; Vierge de VLADIMIR"},"content":{"rendered":"<p>Magnifique ic\u00f4ne d&#8217;une tr\u00e8s grande finesse &#8211; appel\u00e9e &#8221;Ic\u00f4ne de voyage&#8221; en russe, la taille de cette ic\u00f4ne permet de toujours l&#8217;avoir sur soi et de la prendre en mains, quand on souhaite prier et se recueillir<br \/>\nLe travail est juste \u00e9blouissante et les photos ne rendent pas vraiment la qualit\u00e9<br \/>\nPeinture dans la tradition aux pigments naturels de couleur et \u00e0 la feuille d&#8217;or<br \/>\nDimensions : 6 cm sur 5 cm<\/p>\n<p>La <b>M\u00e8re de Dieu de Vladimir<\/b>, \u00e9galement connue sous les noms de <b>Notre-Dame de Vladimir<\/b>, <b>Vierge de Vladimir<\/b> ou <i><b>Vladimirska\u00efa<\/b><\/i>\u00a0 est l&#8217;une des ic\u00f4nes les plus v\u00e9n\u00e9r\u00e9es en Russie.\u00a0 La Vierge de Vladimir est consid\u00e9r\u00e9e comme la sainte protectrice de la Russie.<br \/>\nL&#8217;ic\u00f4ne se trouve \u00e0 la galerie Tr\u00e9tiakov \u00e0 Moscou (\u00e9glise Saint-Nicolas de Tolmatchi &#8211; annexe du mus\u00e9e).<br \/>\nSa f\u00eate est le 3 juin<\/p>","protected":false},"excerpt":{"rendered":"<p class=\"qtranxs-available-languages-message qtranxs-available-languages-message-en\">Sorry, this entry is only available in <a href=\"https:\/\/ruepouchkine.com\/fr\/wp-json\/wp\/v2\/product\/3906\" class=\"qtranxs-available-language-link qtranxs-available-language-link-fr\" title=\"Fran\u00e7ais\">French<\/a>.<\/p>\n","protected":false},"featured_media":2315,"template":"","meta":{"_et_pb_use_builder":"","_et_pb_old_content":"","_et_gb_content_width":""},"product_cat":[15,24],"product_tag":[],"_links":{"self":[{"href":"https:\/\/ruepouchkine.com\/en\/wp-json\/wp\/v2\/product\/3906"}],"collection":[{"href":"https:\/\/ruepouchkine.com\/en\/wp-json\/wp\/v2\/product"}],"about":[{"href":"https:\/\/ruepouchkine.com\/en\/wp-json\/wp\/v2\/types\/product"}],"wp:featuredmedia":[{"embeddable":true,"href":"https:\/\/ruepouchkine.com\/en\/wp-json\/wp\/v2\/media\/2315"}],"wp:attachment":[{"href":"https:\/\/ruepouchkine.com\/en\/wp-json\/wp\/v2\/media?parent=3906"}],"wp:term":[{"taxonomy":"product_cat","embeddable":true,"href":"https:\/\/ruepouchkine.com\/en\/wp-json\/wp\/v2\/product_cat?post=3906"},{"taxonomy":"product_tag","embeddable":true,"href":"https:\/\/ruepouchkine.com\/en\/wp-json\/wp\/v2\/product_tag?post=3906"}],"curies":[{"name":"wp","href":"https:\/\/api.w.org\/{rel}","templated":true}]}}