{"id":4014,"date":"2019-08-27T14:37:41","date_gmt":"2019-08-27T12:37:41","guid":{"rendered":"https:\/\/www.ruepouchkine.com\/?post_type=product&#038;p=4014"},"modified":"2023-09-05T19:42:06","modified_gmt":"2023-09-05T17:42:06","slug":"coffre-ancien","status":"publish","type":"product","link":"https:\/\/ruepouchkine.com\/en\/produit\/coffre-ancien\/","title":{"rendered":"Coffre ancien"},"content":{"rendered":"<p>Tr\u00e8s beau coffre en bois du 19\u00e8me si\u00e8cle enti\u00e8rement repeint \u00e0 l&#8217;ancienne<br \/>\nLaquage final mat pour prot\u00e9ger le coffre<br \/>\nDessins traditionnels mettant en sc\u00e8ne des moments de vie<br \/>\nJe ne vous cacherai pas que j&#8217;aime \u00e9norm\u00e9ment ce type d&#8217;objet :<br \/>\nRedonner vie \u00e0 des choses anciennes et leur faire une place dans notre vie!!!<br \/>\nHauteur : 38 cm &#8211; Diam\u00e8tre : 34 cm<\/p>\n","protected":false},"excerpt":{"rendered":"<p>Tr\u00e8s beau coffre en bois du 19\u00e8me si\u00e8cle enti\u00e8rement repeint \u00e0 l&#8217;ancienne Laquage final mat pour prot\u00e9ger le coffre Dessins traditionnels mettant en sc\u00e8ne des moments de vie Je ne vous cacherai pas que j&#8217;aime \u00e9norm\u00e9ment ce type d&#8217;objet : Redonner vie \u00e0 des choses anciennes et leur faire une place dans notre vie!!! Hauteur [&hellip;]<\/p>\n","protected":false},"featured_media":4030,"template":"","meta":{"_et_pb_use_builder":"","_et_pb_old_content":"","_et_gb_content_width":""},"product_cat":[15,34],"product_tag":[],"_links":{"self":[{"href":"https:\/\/ruepouchkine.com\/en\/wp-json\/wp\/v2\/product\/4014"}],"collection":[{"href":"https:\/\/ruepouchkine.com\/en\/wp-json\/wp\/v2\/product"}],"about":[{"href":"https:\/\/ruepouchkine.com\/en\/wp-json\/wp\/v2\/types\/product"}],"wp:featuredmedia":[{"embeddable":true,"href":"https:\/\/ruepouchkine.com\/en\/wp-json\/wp\/v2\/media\/4030"}],"wp:attachment":[{"href":"https:\/\/ruepouchkine.com\/en\/wp-json\/wp\/v2\/media?parent=4014"}],"wp:term":[{"taxonomy":"product_cat","embeddable":true,"href":"https:\/\/ruepouchkine.com\/en\/wp-json\/wp\/v2\/product_cat?post=4014"},{"taxonomy":"product_tag","embeddable":true,"href":"https:\/\/ruepouchkine.com\/en\/wp-json\/wp\/v2\/product_tag?post=4014"}],"curies":[{"name":"wp","href":"https:\/\/api.w.org\/{rel}","templated":true}]}}