{"id":4036,"date":"2019-08-27T14:52:16","date_gmt":"2019-08-27T12:52:16","guid":{"rendered":"https:\/\/www.ruepouchkine.com\/?post_type=product&#038;p=4036"},"modified":"2023-09-05T19:42:06","modified_gmt":"2023-09-05T17:42:06","slug":"coffret-ancien","status":"publish","type":"product","link":"https:\/\/ruepouchkine.com\/en\/produit\/coffret-ancien\/","title":{"rendered":"Coffret ancien"},"content":{"rendered":"<p>Tr\u00e8s beau coffret en bois du 19\u00e8me si\u00e8cle enti\u00e8rement repeint \u00e0 l&#8217;ancienne<br \/>\nLaquage final mat pour prot\u00e9ger le coffret<br \/>\nDessins traditionnels mettant en sc\u00e8ne l&#8217;oiseau de la chance<br \/>\nJe ne vous cacherai pas que j&#8217;aime \u00e9norm\u00e9ment ce type d&#8217;objet :<br \/>\nRedonner vie \u00e0 des choses anciennes et leur faire une place dans notre vie!!!<br \/>\nHauteur : 17 cm &#8211; Longueur : 27 cm &#8211; Largeur : 23 cm<\/p>\n","protected":false},"excerpt":{"rendered":"<p>Tr\u00e8s beau coffret en bois du 19\u00e8me si\u00e8cle enti\u00e8rement repeint \u00e0 l&#8217;ancienne Laquage final mat pour prot\u00e9ger le coffret Dessins traditionnels mettant en sc\u00e8ne l&#8217;oiseau de la chance Je ne vous cacherai pas que j&#8217;aime \u00e9norm\u00e9ment ce type d&#8217;objet : Redonner vie \u00e0 des choses anciennes et leur faire une place dans notre vie!!! Hauteur [&hellip;]<\/p>\n","protected":false},"featured_media":4022,"template":"","meta":{"_et_pb_use_builder":"","_et_pb_old_content":"","_et_gb_content_width":""},"product_cat":[15,34],"product_tag":[],"_links":{"self":[{"href":"https:\/\/ruepouchkine.com\/en\/wp-json\/wp\/v2\/product\/4036"}],"collection":[{"href":"https:\/\/ruepouchkine.com\/en\/wp-json\/wp\/v2\/product"}],"about":[{"href":"https:\/\/ruepouchkine.com\/en\/wp-json\/wp\/v2\/types\/product"}],"wp:featuredmedia":[{"embeddable":true,"href":"https:\/\/ruepouchkine.com\/en\/wp-json\/wp\/v2\/media\/4022"}],"wp:attachment":[{"href":"https:\/\/ruepouchkine.com\/en\/wp-json\/wp\/v2\/media?parent=4036"}],"wp:term":[{"taxonomy":"product_cat","embeddable":true,"href":"https:\/\/ruepouchkine.com\/en\/wp-json\/wp\/v2\/product_cat?post=4036"},{"taxonomy":"product_tag","embeddable":true,"href":"https:\/\/ruepouchkine.com\/en\/wp-json\/wp\/v2\/product_tag?post=4036"}],"curies":[{"name":"wp","href":"https:\/\/api.w.org\/{rel}","templated":true}]}}