{"id":4145,"date":"2019-08-28T14:17:39","date_gmt":"2019-08-28T12:17:39","guid":{"rendered":"https:\/\/www.ruepouchkine.com\/?post_type=product&#038;p=4145"},"modified":"2019-09-05T13:58:23","modified_gmt":"2019-09-05T11:58:23","slug":"oeuf-vierge-de","status":"publish","type":"product","link":"https:\/\/ruepouchkine.com\/en\/produit\/oeuf-vierge-de\/","title":{"rendered":"Oeuf Vierge de VLADIMIR"},"content":{"rendered":"<p>Vierge de VLADIMIR sur oeuf en bois de tilleul<br \/>\nTr\u00e8s beau travail tr\u00e8s fid\u00e8le \u00e0 l&#8217;ic\u00f4ne, la plus v\u00e9n\u00e9r\u00e9e par les russes<br \/>\nQuand l&#8217;artiste consid\u00e8re sa peinture termin\u00e9e, il confie son oeuf \u00e0 une personne, qui va se charger du laquage et du pon\u00e7age de l&#8217;oeuf &#8211; technique tr\u00e8s particuli\u00e8re, qui donne \u00e0 l&#8217;oeuf cette belle finition &#8211; sur cette pi\u00e8ce, il y a entre 9 et 12 couches de laque.<br \/>\nHauteur de l&#8217;oeuf : 12 cm &#8211; Hauteur du pied : 8 cm<\/p>\n","protected":false},"excerpt":{"rendered":"<p>Vierge de VLADIMIR sur oeuf en bois de tilleul Tr\u00e8s beau travail tr\u00e8s fid\u00e8le \u00e0 l&#8217;ic\u00f4ne, la plus v\u00e9n\u00e9r\u00e9e par les russes Quand l&#8217;artiste consid\u00e8re sa peinture termin\u00e9e, il confie son oeuf \u00e0 une personne, qui va se charger du laquage et du pon\u00e7age de l&#8217;oeuf &#8211; technique tr\u00e8s particuli\u00e8re, qui donne \u00e0 l&#8217;oeuf cette [&hellip;]<\/p>\n","protected":false},"featured_media":4136,"template":"","meta":{"_et_pb_use_builder":"","_et_pb_old_content":"","_et_gb_content_width":""},"product_cat":[15],"product_tag":[],"_links":{"self":[{"href":"https:\/\/ruepouchkine.com\/en\/wp-json\/wp\/v2\/product\/4145"}],"collection":[{"href":"https:\/\/ruepouchkine.com\/en\/wp-json\/wp\/v2\/product"}],"about":[{"href":"https:\/\/ruepouchkine.com\/en\/wp-json\/wp\/v2\/types\/product"}],"wp:featuredmedia":[{"embeddable":true,"href":"https:\/\/ruepouchkine.com\/en\/wp-json\/wp\/v2\/media\/4136"}],"wp:attachment":[{"href":"https:\/\/ruepouchkine.com\/en\/wp-json\/wp\/v2\/media?parent=4145"}],"wp:term":[{"taxonomy":"product_cat","embeddable":true,"href":"https:\/\/ruepouchkine.com\/en\/wp-json\/wp\/v2\/product_cat?post=4145"},{"taxonomy":"product_tag","embeddable":true,"href":"https:\/\/ruepouchkine.com\/en\/wp-json\/wp\/v2\/product_tag?post=4145"}],"curies":[{"name":"wp","href":"https:\/\/api.w.org\/{rel}","templated":true}]}}