{"id":4147,"date":"2019-08-28T14:36:22","date_gmt":"2019-08-28T12:36:22","guid":{"rendered":"https:\/\/www.ruepouchkine.com\/?post_type=product&#038;p=4147"},"modified":"2021-03-02T14:40:56","modified_gmt":"2021-03-02T13:40:56","slug":"oeuf-vierge-de-iaroslav","status":"publish","type":"product","link":"https:\/\/ruepouchkine.com\/en\/produit\/oeuf-vierge-de-iaroslav\/","title":{"rendered":"Oeuf Vierge de IAROSLAV"},"content":{"rendered":"<p>Magnifique Vierge de IAROSLAV peinte sur oeuf en bois de tilleul<br \/>\nTr\u00e8s beau travail de peinture, tr\u00e8s fid\u00e8le \u00e0 la v\u00e9ritable ic\u00f4ne<br \/>\nSavant travail de laquage &#8211; 15 couches de laque sur cette pi\u00e8ce &#8211; \u00e0 vous de vous imaginer le temps pass\u00e9 sur cette pi\u00e8ce par le laqeur, le peintre et celui qui avait tourn\u00e9 l&#8217;oeuf \u00e0 la taille et \u00e0 la forme demand\u00e9es&#8230;.<br \/>\nHauteur de l&#8217;oeuf : 22 cm &#8211; Hauteur du pied : 14,5 cm<\/p>\n","protected":false},"excerpt":{"rendered":"<p>Magnifique Vierge de IAROSLAV peinte sur oeuf en bois de tilleul Tr\u00e8s beau travail de peinture, tr\u00e8s fid\u00e8le \u00e0 la v\u00e9ritable ic\u00f4ne Savant travail de laquage &#8211; 15 couches de laque sur cette pi\u00e8ce &#8211; \u00e0 vous de vous imaginer le temps pass\u00e9 sur cette pi\u00e8ce par le laqeur, le peintre et celui qui avait [&hellip;]<\/p>\n","protected":false},"featured_media":4157,"template":"","meta":{"_et_pb_use_builder":"","_et_pb_old_content":"","_et_gb_content_width":""},"product_cat":[15,22,88],"product_tag":[],"_links":{"self":[{"href":"https:\/\/ruepouchkine.com\/en\/wp-json\/wp\/v2\/product\/4147"}],"collection":[{"href":"https:\/\/ruepouchkine.com\/en\/wp-json\/wp\/v2\/product"}],"about":[{"href":"https:\/\/ruepouchkine.com\/en\/wp-json\/wp\/v2\/types\/product"}],"wp:featuredmedia":[{"embeddable":true,"href":"https:\/\/ruepouchkine.com\/en\/wp-json\/wp\/v2\/media\/4157"}],"wp:attachment":[{"href":"https:\/\/ruepouchkine.com\/en\/wp-json\/wp\/v2\/media?parent=4147"}],"wp:term":[{"taxonomy":"product_cat","embeddable":true,"href":"https:\/\/ruepouchkine.com\/en\/wp-json\/wp\/v2\/product_cat?post=4147"},{"taxonomy":"product_tag","embeddable":true,"href":"https:\/\/ruepouchkine.com\/en\/wp-json\/wp\/v2\/product_tag?post=4147"}],"curies":[{"name":"wp","href":"https:\/\/api.w.org\/{rel}","templated":true}]}}