{"id":4274,"date":"2019-08-28T16:29:46","date_gmt":"2019-08-28T14:29:46","guid":{"rendered":"https:\/\/www.ruepouchkine.com\/?post_type=product&#038;p=4274"},"modified":"2023-10-21T15:31:20","modified_gmt":"2023-10-21T13:31:20","slug":"samovar-ancienen","status":"publish","type":"product","link":"https:\/\/ruepouchkine.com\/en\/produit\/samovar-ancienen\/","title":{"rendered":"Ancient Samovar from the 19th century"},"content":{"rendered":"","protected":false},"excerpt":{"rendered":"<p>Ancient Samovar from the 19th century, made by the BATACHEV\u2019s house, one of the mot famous factory of TOULA.<br \/>\nVery nice shape called VASE<br \/>\nNumerous inscriptions, which highlighted all the prices of the BATACHEV&#8217;s house got, and its reputation<br \/>\nSamovars adapt to all interiors, They find their place in all environments.<br \/>\nBeautiful piece with a beautiful story<br \/>\n62 cm high (24,31 inches) &#8211; Cylinder diameter : 9,02 inches<\/p>\n","protected":false},"featured_media":4280,"template":"","meta":{"_et_pb_use_builder":"off","_et_pb_old_content":"Samovar ancien datant du 19\u00e8me si\u00e8cle fabriqu\u00e9 par la maison BATACHEV, une des plus c\u00e9l\u00e8bres manufactures de TOULA.\r\nTr\u00e8s belle forme VASE -\r\nNombreuses inscriptions, qui mettaient en \u00e9vidence, \u00e0 l'\u00e9poque, tous les prix de la maison BATACHEV, et sa r\u00e9putation\r\nLes samovars s'adaptent \u00e0 tous les int\u00e9rieurs, Ils trouvent leur place dans toutes les ambiances.\r\nBelle pi\u00e8ce charg\u00e9e d'une belle histoire\r\nHauteur : 62 cm - Cylindre de 23 cm de diam\u00e8tre","_et_gb_content_width":""},"product_cat":[15,27],"product_tag":[],"_links":{"self":[{"href":"https:\/\/ruepouchkine.com\/en\/wp-json\/wp\/v2\/product\/4274"}],"collection":[{"href":"https:\/\/ruepouchkine.com\/en\/wp-json\/wp\/v2\/product"}],"about":[{"href":"https:\/\/ruepouchkine.com\/en\/wp-json\/wp\/v2\/types\/product"}],"wp:featuredmedia":[{"embeddable":true,"href":"https:\/\/ruepouchkine.com\/en\/wp-json\/wp\/v2\/media\/4280"}],"wp:attachment":[{"href":"https:\/\/ruepouchkine.com\/en\/wp-json\/wp\/v2\/media?parent=4274"}],"wp:term":[{"taxonomy":"product_cat","embeddable":true,"href":"https:\/\/ruepouchkine.com\/en\/wp-json\/wp\/v2\/product_cat?post=4274"},{"taxonomy":"product_tag","embeddable":true,"href":"https:\/\/ruepouchkine.com\/en\/wp-json\/wp\/v2\/product_tag?post=4274"}],"curies":[{"name":"wp","href":"https:\/\/api.w.org\/{rel}","templated":true}]}}