{"id":4406,"date":"2019-10-13T20:13:12","date_gmt":"2019-10-13T18:13:12","guid":{"rendered":"https:\/\/ruepouchkine.com\/?post_type=product&#038;p=4406"},"modified":"2023-09-05T19:42:05","modified_gmt":"2023-09-05T17:42:05","slug":"culbuto-petite-fille-au-champignon","status":"publish","type":"product","link":"https:\/\/ruepouchkine.com\/en\/produit\/culbuto-petite-fille-au-champignon\/","title":{"rendered":"Culbuto Petite Fille au champignon"},"content":{"rendered":"<p>Adorable petite fille peinte sur un culbuto en bois &#8211; Elle est heureuse d&#8217;avoir trouv\u00e9 un beau champignon<br \/>\nSacha, l&#8217;artiste, ne r\u00e9p\u00e8te jamais le m\u00eame visage &#8211; elle a un talent fou<br \/>\nCe culbuto fait un tr\u00e8s doux bruit quand on le secoue<br \/>\nEn russe, culbuto se dit &#8221;Nievalachka&#8221;, ce qui veut dire &#8230;tu ne me renverseras pas&#8230;<br \/>\nHauteur : 12 cm<\/p>\n","protected":false},"excerpt":{"rendered":"<p>Adorable petite fille peinte sur un culbuto en bois &#8211; Elle est heureuse d&#8217;avoir trouv\u00e9 un beau champignon Sacha, l&#8217;artiste, ne r\u00e9p\u00e8te jamais le m\u00eame visage &#8211; elle a un talent fou Ce culbuto fait un tr\u00e8s doux bruit quand on le secoue En russe, culbuto se dit &#8221;Nievalachka&#8221;, ce qui veut dire &#8230;tu ne [&hellip;]<\/p>\n","protected":false},"featured_media":4432,"template":"","meta":{"_et_pb_use_builder":"","_et_pb_old_content":"","_et_gb_content_width":""},"product_cat":[15,53],"product_tag":[],"_links":{"self":[{"href":"https:\/\/ruepouchkine.com\/en\/wp-json\/wp\/v2\/product\/4406"}],"collection":[{"href":"https:\/\/ruepouchkine.com\/en\/wp-json\/wp\/v2\/product"}],"about":[{"href":"https:\/\/ruepouchkine.com\/en\/wp-json\/wp\/v2\/types\/product"}],"wp:featuredmedia":[{"embeddable":true,"href":"https:\/\/ruepouchkine.com\/en\/wp-json\/wp\/v2\/media\/4432"}],"wp:attachment":[{"href":"https:\/\/ruepouchkine.com\/en\/wp-json\/wp\/v2\/media?parent=4406"}],"wp:term":[{"taxonomy":"product_cat","embeddable":true,"href":"https:\/\/ruepouchkine.com\/en\/wp-json\/wp\/v2\/product_cat?post=4406"},{"taxonomy":"product_tag","embeddable":true,"href":"https:\/\/ruepouchkine.com\/en\/wp-json\/wp\/v2\/product_tag?post=4406"}],"curies":[{"name":"wp","href":"https:\/\/api.w.org\/{rel}","templated":true}]}}