{"id":4437,"date":"2019-10-13T20:16:07","date_gmt":"2019-10-13T18:16:07","guid":{"rendered":"https:\/\/ruepouchkine.com\/?post_type=product&#038;p=4437"},"modified":"2023-09-05T19:42:05","modified_gmt":"2023-09-05T17:42:05","slug":"4437","status":"publish","type":"product","link":"https:\/\/ruepouchkine.com\/en\/produit\/4437\/","title":{"rendered":"Culbuto Petite Fille qui coiffe sa poup\u00e9e"},"content":{"rendered":"<p>Adorable petite fille peinte sur un culbuto en bois avec sa poup\u00e9e \u00e0 qui elle fait une jolie coiffure- son visage semble pr\u00eat \u00e0 nous dire quelque chose<br \/>\nSacha, l&#8217;artiste, ne r\u00e9p\u00e8te jamais le m\u00eame visage &#8211; elle a un talent fou<br \/>\nCe culbuto fait un tr\u00e8s joli bruit quand on le secoue<br \/>\nEn russe, culbuto se dit &#8221;Nievalachka&#8221;, ce qui veut dire &#8230;tu ne me renverseras pas&#8230;<br \/>\nHauteur : 12 cm<\/p>\n","protected":false},"excerpt":{"rendered":"<p>Adorable petite fille peinte sur un culbuto en bois avec sa poup\u00e9e \u00e0 qui elle fait une jolie coiffure- son visage semble pr\u00eat \u00e0 nous dire quelque chose Sacha, l&#8217;artiste, ne r\u00e9p\u00e8te jamais le m\u00eame visage &#8211; elle a un talent fou Ce culbuto fait un tr\u00e8s joli bruit quand on le secoue En russe, [&hellip;]<\/p>\n","protected":false},"featured_media":4429,"template":"","meta":{"_et_pb_use_builder":"","_et_pb_old_content":"","_et_gb_content_width":""},"product_cat":[15,53],"product_tag":[],"_links":{"self":[{"href":"https:\/\/ruepouchkine.com\/en\/wp-json\/wp\/v2\/product\/4437"}],"collection":[{"href":"https:\/\/ruepouchkine.com\/en\/wp-json\/wp\/v2\/product"}],"about":[{"href":"https:\/\/ruepouchkine.com\/en\/wp-json\/wp\/v2\/types\/product"}],"wp:featuredmedia":[{"embeddable":true,"href":"https:\/\/ruepouchkine.com\/en\/wp-json\/wp\/v2\/media\/4429"}],"wp:attachment":[{"href":"https:\/\/ruepouchkine.com\/en\/wp-json\/wp\/v2\/media?parent=4437"}],"wp:term":[{"taxonomy":"product_cat","embeddable":true,"href":"https:\/\/ruepouchkine.com\/en\/wp-json\/wp\/v2\/product_cat?post=4437"},{"taxonomy":"product_tag","embeddable":true,"href":"https:\/\/ruepouchkine.com\/en\/wp-json\/wp\/v2\/product_tag?post=4437"}],"curies":[{"name":"wp","href":"https:\/\/api.w.org\/{rel}","templated":true}]}}