{"id":4995,"date":"2019-11-08T09:31:37","date_gmt":"2019-11-08T08:31:37","guid":{"rendered":"https:\/\/ruepouchkine.com\/?post_type=product&#038;p=4995"},"modified":"2023-09-05T19:38:32","modified_gmt":"2023-09-05T17:38:32","slug":"pere-noel-30","status":"publish","type":"product","link":"https:\/\/ruepouchkine.com\/en\/produit\/pere-noel-30\/","title":{"rendered":"P\u00e8re No\u00ebl blanc et or"},"content":{"rendered":"<p>Joli p\u00e8re No\u00ebl dans un riche costume blanc et or<br \/>\nBeau manteau sur costume typiquement russe &#8211; travail tr\u00e8s raffin\u00e9<br \/>\nTaille : 36 cm<\/p>\n","protected":false},"excerpt":{"rendered":"<p>Joli p\u00e8re No\u00ebl dans un riche costume blanc et or Beau manteau sur costume typiquement russe &#8211; travail tr\u00e8s raffin\u00e9 Taille : 36 cm<\/p>\n","protected":false},"featured_media":4972,"template":"","meta":{"_et_pb_use_builder":"","_et_pb_old_content":"","_et_gb_content_width":""},"product_cat":[15,21,72],"product_tag":[],"_links":{"self":[{"href":"https:\/\/ruepouchkine.com\/en\/wp-json\/wp\/v2\/product\/4995"}],"collection":[{"href":"https:\/\/ruepouchkine.com\/en\/wp-json\/wp\/v2\/product"}],"about":[{"href":"https:\/\/ruepouchkine.com\/en\/wp-json\/wp\/v2\/types\/product"}],"wp:featuredmedia":[{"embeddable":true,"href":"https:\/\/ruepouchkine.com\/en\/wp-json\/wp\/v2\/media\/4972"}],"wp:attachment":[{"href":"https:\/\/ruepouchkine.com\/en\/wp-json\/wp\/v2\/media?parent=4995"}],"wp:term":[{"taxonomy":"product_cat","embeddable":true,"href":"https:\/\/ruepouchkine.com\/en\/wp-json\/wp\/v2\/product_cat?post=4995"},{"taxonomy":"product_tag","embeddable":true,"href":"https:\/\/ruepouchkine.com\/en\/wp-json\/wp\/v2\/product_tag?post=4995"}],"curies":[{"name":"wp","href":"https:\/\/api.w.org\/{rel}","templated":true}]}}