{"id":4999,"date":"2019-11-08T09:49:08","date_gmt":"2019-11-08T08:49:08","guid":{"rendered":"https:\/\/ruepouchkine.com\/?post_type=product&#038;p=4999"},"modified":"2023-09-05T19:38:32","modified_gmt":"2023-09-05T17:38:32","slug":"pere-noel-blanc-et-or-4","status":"publish","type":"product","link":"https:\/\/ruepouchkine.com\/en\/produit\/pere-noel-blanc-et-or-4\/","title":{"rendered":"P\u00e8re No\u00ebl blanc et or"},"content":{"rendered":"<p>Tr\u00e8s joli p\u00e8re No\u00ebl dans un riche costume blanc et or<br \/>\nBeau manteau ouvert sur costume typiquement russe &#8211; travail tr\u00e8s raffin\u00e9<br \/>\nHotte pleine de jolis jouets<br \/>\nTaille : 34 cm<\/p>\n","protected":false},"excerpt":{"rendered":"<p>Tr\u00e8s joli p\u00e8re No\u00ebl dans un riche costume blanc et or Beau manteau ouvert sur costume typiquement russe &#8211; travail tr\u00e8s raffin\u00e9 Hotte pleine de jolis jouets Taille : 34 cm<\/p>\n","protected":false},"featured_media":4931,"template":"","meta":{"_et_pb_use_builder":"","_et_pb_old_content":"","_et_gb_content_width":""},"product_cat":[15,21,72],"product_tag":[],"_links":{"self":[{"href":"https:\/\/ruepouchkine.com\/en\/wp-json\/wp\/v2\/product\/4999"}],"collection":[{"href":"https:\/\/ruepouchkine.com\/en\/wp-json\/wp\/v2\/product"}],"about":[{"href":"https:\/\/ruepouchkine.com\/en\/wp-json\/wp\/v2\/types\/product"}],"wp:featuredmedia":[{"embeddable":true,"href":"https:\/\/ruepouchkine.com\/en\/wp-json\/wp\/v2\/media\/4931"}],"wp:attachment":[{"href":"https:\/\/ruepouchkine.com\/en\/wp-json\/wp\/v2\/media?parent=4999"}],"wp:term":[{"taxonomy":"product_cat","embeddable":true,"href":"https:\/\/ruepouchkine.com\/en\/wp-json\/wp\/v2\/product_cat?post=4999"},{"taxonomy":"product_tag","embeddable":true,"href":"https:\/\/ruepouchkine.com\/en\/wp-json\/wp\/v2\/product_tag?post=4999"}],"curies":[{"name":"wp","href":"https:\/\/api.w.org\/{rel}","templated":true}]}}