{"id":5000,"date":"2019-11-08T09:52:10","date_gmt":"2019-11-08T08:52:10","guid":{"rendered":"https:\/\/ruepouchkine.com\/?post_type=product&#038;p=5000"},"modified":"2023-09-05T19:38:32","modified_gmt":"2023-09-05T17:38:32","slug":"pere-noel-rouge-bleu-et-or","status":"publish","type":"product","link":"https:\/\/ruepouchkine.com\/en\/produit\/pere-noel-rouge-bleu-et-or\/","title":{"rendered":"P\u00e8re No\u00ebl rouge, bleu et or"},"content":{"rendered":"<p>Joli p\u00e8re No\u00ebl au visage tr\u00e8s apaisant<br \/>\nBeau travail de peinture sur tout son costume<br \/>\nTaille : 32 cm<\/p>\n","protected":false},"excerpt":{"rendered":"<p>Joli p\u00e8re No\u00ebl au visage tr\u00e8s apaisant Beau travail de peinture sur tout son costume Taille : 32 cm<\/p>\n","protected":false},"featured_media":4954,"template":"","meta":{"_et_pb_use_builder":"","_et_pb_old_content":"","_et_gb_content_width":""},"product_cat":[15,21,72],"product_tag":[],"_links":{"self":[{"href":"https:\/\/ruepouchkine.com\/en\/wp-json\/wp\/v2\/product\/5000"}],"collection":[{"href":"https:\/\/ruepouchkine.com\/en\/wp-json\/wp\/v2\/product"}],"about":[{"href":"https:\/\/ruepouchkine.com\/en\/wp-json\/wp\/v2\/types\/product"}],"wp:featuredmedia":[{"embeddable":true,"href":"https:\/\/ruepouchkine.com\/en\/wp-json\/wp\/v2\/media\/4954"}],"wp:attachment":[{"href":"https:\/\/ruepouchkine.com\/en\/wp-json\/wp\/v2\/media?parent=5000"}],"wp:term":[{"taxonomy":"product_cat","embeddable":true,"href":"https:\/\/ruepouchkine.com\/en\/wp-json\/wp\/v2\/product_cat?post=5000"},{"taxonomy":"product_tag","embeddable":true,"href":"https:\/\/ruepouchkine.com\/en\/wp-json\/wp\/v2\/product_tag?post=5000"}],"curies":[{"name":"wp","href":"https:\/\/api.w.org\/{rel}","templated":true}]}}