{"id":5847,"date":"2020-08-26T17:55:56","date_gmt":"2020-08-26T15:55:56","guid":{"rendered":"https:\/\/ruepouchkine.com\/?post_type=product&#038;p=5847"},"modified":"2023-09-05T19:38:27","modified_gmt":"2023-09-05T17:38:27","slug":"5847","status":"publish","type":"product","link":"https:\/\/ruepouchkine.com\/en\/produit\/5847\/","title":{"rendered":"(Fran\u00e7ais) Imposant Petit P\u00e8re No\u00ebl"},"content":{"rendered":"","protected":false},"excerpt":{"rendered":"<p>Handsome Santa Claus in a very beautiful red, white and gold coat &#8211; linden wood.<br \/>\nThe gold leaf work done by Elena makes him look beautiful and proud.<br \/>\n20cm high &#8211; 7;84 inches high<\/p>\n","protected":false},"featured_media":5854,"template":"","meta":{"_et_pb_use_builder":"","_et_pb_old_content":"","_et_gb_content_width":""},"product_cat":[15,21,73],"product_tag":[],"_links":{"self":[{"href":"https:\/\/ruepouchkine.com\/en\/wp-json\/wp\/v2\/product\/5847"}],"collection":[{"href":"https:\/\/ruepouchkine.com\/en\/wp-json\/wp\/v2\/product"}],"about":[{"href":"https:\/\/ruepouchkine.com\/en\/wp-json\/wp\/v2\/types\/product"}],"wp:featuredmedia":[{"embeddable":true,"href":"https:\/\/ruepouchkine.com\/en\/wp-json\/wp\/v2\/media\/5854"}],"wp:attachment":[{"href":"https:\/\/ruepouchkine.com\/en\/wp-json\/wp\/v2\/media?parent=5847"}],"wp:term":[{"taxonomy":"product_cat","embeddable":true,"href":"https:\/\/ruepouchkine.com\/en\/wp-json\/wp\/v2\/product_cat?post=5847"},{"taxonomy":"product_tag","embeddable":true,"href":"https:\/\/ruepouchkine.com\/en\/wp-json\/wp\/v2\/product_tag?post=5847"}],"curies":[{"name":"wp","href":"https:\/\/api.w.org\/{rel}","templated":true}]}}