{"id":5991,"date":"2020-08-27T14:30:44","date_gmt":"2020-08-27T12:30:44","guid":{"rendered":"https:\/\/ruepouchkine.com\/?post_type=product&#038;p=5991"},"modified":"2023-09-05T19:38:26","modified_gmt":"2023-09-05T17:38:26","slug":"pere-noel-tout-en-couleurs","status":"publish","type":"product","link":"https:\/\/ruepouchkine.com\/en\/produit\/pere-noel-tout-en-couleurs\/","title":{"rendered":"(Fran\u00e7ais) P\u00e8re No\u00ebl tout en couleurs"},"content":{"rendered":"<p class=\"qtranxs-available-languages-message qtranxs-available-languages-message-en\">Sorry, this entry is only available in <a href=\"https:\/\/ruepouchkine.com\/fr\/wp-json\/wp\/v2\/product\/5991\" class=\"qtranxs-available-language-link qtranxs-available-language-link-fr\" title=\"Fran\u00e7ais\">French<\/a>.<\/p>","protected":false},"excerpt":{"rendered":"<p>Sorry, this entry is only available in French.<\/p>\n","protected":false},"featured_media":5905,"template":"","meta":{"_et_pb_use_builder":"","_et_pb_old_content":"","_et_gb_content_width":""},"product_cat":[15,21],"product_tag":[],"_links":{"self":[{"href":"https:\/\/ruepouchkine.com\/en\/wp-json\/wp\/v2\/product\/5991"}],"collection":[{"href":"https:\/\/ruepouchkine.com\/en\/wp-json\/wp\/v2\/product"}],"about":[{"href":"https:\/\/ruepouchkine.com\/en\/wp-json\/wp\/v2\/types\/product"}],"wp:featuredmedia":[{"embeddable":true,"href":"https:\/\/ruepouchkine.com\/en\/wp-json\/wp\/v2\/media\/5905"}],"wp:attachment":[{"href":"https:\/\/ruepouchkine.com\/en\/wp-json\/wp\/v2\/media?parent=5991"}],"wp:term":[{"taxonomy":"product_cat","embeddable":true,"href":"https:\/\/ruepouchkine.com\/en\/wp-json\/wp\/v2\/product_cat?post=5991"},{"taxonomy":"product_tag","embeddable":true,"href":"https:\/\/ruepouchkine.com\/en\/wp-json\/wp\/v2\/product_tag?post=5991"}],"curies":[{"name":"wp","href":"https:\/\/api.w.org\/{rel}","templated":true}]}}