{"id":6175,"date":"2020-09-18T10:00:51","date_gmt":"2020-09-18T08:00:51","guid":{"rendered":"https:\/\/ruepouchkine.com\/?post_type=product&#038;p=6175"},"modified":"2023-09-05T19:38:25","modified_gmt":"2023-09-05T17:38:25","slug":"pere-noel-sur-ses-bottes","status":"publish","type":"product","link":"https:\/\/ruepouchkine.com\/en\/produit\/pere-noel-sur-ses-bottes\/","title":{"rendered":"(Fran\u00e7ais) P\u00e8re No\u00ebl sur ses bottes"},"content":{"rendered":"","protected":false},"excerpt":{"rendered":"<p>Very pretty Santa Claus planted on his lined boots &#8211; linden wood.<br \/>\nPretty red and gold frock coat &#8211; Beautiful cap edged with fur on the head.<br \/>\nElena did a really nice job with the gold leaf to make it look really nice &#8211; no detail is left to chance!<br \/>\nI have put several photos for you with different lighting for you to appreciate the work.<br \/>\nI photographed 2 little Santa Claus identical in shape, but the work of Elena and Sergei makes them both very different: each piece is really unique.<br \/>\nSize: 20.5cm<\/p>\n","protected":false},"featured_media":6155,"template":"","meta":{"_et_pb_use_builder":"","_et_pb_old_content":"","_et_gb_content_width":""},"product_cat":[15,21,73],"product_tag":[],"_links":{"self":[{"href":"https:\/\/ruepouchkine.com\/en\/wp-json\/wp\/v2\/product\/6175"}],"collection":[{"href":"https:\/\/ruepouchkine.com\/en\/wp-json\/wp\/v2\/product"}],"about":[{"href":"https:\/\/ruepouchkine.com\/en\/wp-json\/wp\/v2\/types\/product"}],"wp:featuredmedia":[{"embeddable":true,"href":"https:\/\/ruepouchkine.com\/en\/wp-json\/wp\/v2\/media\/6155"}],"wp:attachment":[{"href":"https:\/\/ruepouchkine.com\/en\/wp-json\/wp\/v2\/media?parent=6175"}],"wp:term":[{"taxonomy":"product_cat","embeddable":true,"href":"https:\/\/ruepouchkine.com\/en\/wp-json\/wp\/v2\/product_cat?post=6175"},{"taxonomy":"product_tag","embeddable":true,"href":"https:\/\/ruepouchkine.com\/en\/wp-json\/wp\/v2\/product_tag?post=6175"}],"curies":[{"name":"wp","href":"https:\/\/api.w.org\/{rel}","templated":true}]}}