{"id":6411,"date":"2020-10-05T13:50:26","date_gmt":"2020-10-05T11:50:26","guid":{"rendered":"https:\/\/ruepouchkine.com\/?post_type=product&#038;p=6411"},"modified":"2023-09-05T19:38:23","modified_gmt":"2023-09-05T17:38:23","slug":"6411","status":"publish","type":"product","link":"https:\/\/ruepouchkine.com\/en\/produit\/6411\/","title":{"rendered":"(Fran\u00e7ais) Joli P\u00e8re No\u00ebl"},"content":{"rendered":"","protected":false},"excerpt":{"rendered":"<p>Very pretty Santa Claus dressed in a coat full of light: Red and gold make him a very beautiful Christmas coat.<br \/>\nThe sculptor made him a tender face in linden wood &#8211; a bird in one hand to go with him, and the big bag full of toys in the other.<br \/>\nHeight: 26cm  &#8211; 10,2 inches<\/p>\n","protected":false},"featured_media":6309,"template":"","meta":{"_et_pb_use_builder":"","_et_pb_old_content":"","_et_gb_content_width":""},"product_cat":[15,21,80],"product_tag":[],"_links":{"self":[{"href":"https:\/\/ruepouchkine.com\/en\/wp-json\/wp\/v2\/product\/6411"}],"collection":[{"href":"https:\/\/ruepouchkine.com\/en\/wp-json\/wp\/v2\/product"}],"about":[{"href":"https:\/\/ruepouchkine.com\/en\/wp-json\/wp\/v2\/types\/product"}],"wp:featuredmedia":[{"embeddable":true,"href":"https:\/\/ruepouchkine.com\/en\/wp-json\/wp\/v2\/media\/6309"}],"wp:attachment":[{"href":"https:\/\/ruepouchkine.com\/en\/wp-json\/wp\/v2\/media?parent=6411"}],"wp:term":[{"taxonomy":"product_cat","embeddable":true,"href":"https:\/\/ruepouchkine.com\/en\/wp-json\/wp\/v2\/product_cat?post=6411"},{"taxonomy":"product_tag","embeddable":true,"href":"https:\/\/ruepouchkine.com\/en\/wp-json\/wp\/v2\/product_tag?post=6411"}],"curies":[{"name":"wp","href":"https:\/\/api.w.org\/{rel}","templated":true}]}}