{"id":7021,"date":"2020-11-26T15:21:15","date_gmt":"2020-11-26T14:21:15","guid":{"rendered":"https:\/\/ruepouchkine.com\/?post_type=product&#038;p=7021"},"modified":"2023-09-05T19:38:19","modified_gmt":"2023-09-05T17:38:19","slug":"english-ours-en-bois","status":"publish","type":"product","link":"https:\/\/ruepouchkine.com\/en\/produit\/english-ours-en-bois\/","title":{"rendered":"Wooden Bear"},"content":{"rendered":"","protected":false},"excerpt":{"rendered":"<p>Joli ours, joueur de garmotchka &#8211; petit accord\u00e9on russe.<br \/>\nEnti\u00e8rement sculpt\u00e9 main dans du bois de tilleul. Pi\u00e8ce unique.<br \/>\nL&#8217;ours a \u00e9t\u00e9 teint\u00e9 par Sergue\u00cf, qui a su lui donner tr\u00e8s belle allure.<br \/>\nHauteur : 22,5 cm<\/p>\n","protected":false},"featured_media":6972,"template":"","meta":{"_et_pb_use_builder":"","_et_pb_old_content":"","_et_gb_content_width":""},"product_cat":[15,21,75,34],"product_tag":[],"_links":{"self":[{"href":"https:\/\/ruepouchkine.com\/en\/wp-json\/wp\/v2\/product\/7021"}],"collection":[{"href":"https:\/\/ruepouchkine.com\/en\/wp-json\/wp\/v2\/product"}],"about":[{"href":"https:\/\/ruepouchkine.com\/en\/wp-json\/wp\/v2\/types\/product"}],"wp:featuredmedia":[{"embeddable":true,"href":"https:\/\/ruepouchkine.com\/en\/wp-json\/wp\/v2\/media\/6972"}],"wp:attachment":[{"href":"https:\/\/ruepouchkine.com\/en\/wp-json\/wp\/v2\/media?parent=7021"}],"wp:term":[{"taxonomy":"product_cat","embeddable":true,"href":"https:\/\/ruepouchkine.com\/en\/wp-json\/wp\/v2\/product_cat?post=7021"},{"taxonomy":"product_tag","embeddable":true,"href":"https:\/\/ruepouchkine.com\/en\/wp-json\/wp\/v2\/product_tag?post=7021"}],"curies":[{"name":"wp","href":"https:\/\/api.w.org\/{rel}","templated":true}]}}