{"id":7120,"date":"2020-11-26T18:09:56","date_gmt":"2020-11-26T17:09:56","guid":{"rendered":"https:\/\/ruepouchkine.com\/?post_type=product&#038;p=7120"},"modified":"2023-09-05T19:38:17","modified_gmt":"2023-09-05T17:38:17","slug":"petite-fille-ange-5","status":"publish","type":"product","link":"https:\/\/ruepouchkine.com\/en\/produit\/petite-fille-ange-5\/","title":{"rendered":"Little girl &#8211; Angel"},"content":{"rendered":"","protected":false},"excerpt":{"rendered":"<p>Magnifique petite fille tr\u00e8s russe dans son v\u00eatement et sa coiffe..<br \/>\nPetite ange au regard plein de tendresse.<br \/>\nTr\u00e8s jolie peinture avec un laquage mat satin\u00e9.<br \/>\nPi\u00e8ce unique cr\u00e9\u00e9e par Marina.<br \/>\nAnge en bois de tilleul.<br \/>\nTaille : 13 cm<\/p>\n","protected":false},"featured_media":7946,"template":"","meta":{"_et_pb_use_builder":"","_et_pb_old_content":"","_et_gb_content_width":""},"product_cat":[15,71,34],"product_tag":[],"_links":{"self":[{"href":"https:\/\/ruepouchkine.com\/en\/wp-json\/wp\/v2\/product\/7120"}],"collection":[{"href":"https:\/\/ruepouchkine.com\/en\/wp-json\/wp\/v2\/product"}],"about":[{"href":"https:\/\/ruepouchkine.com\/en\/wp-json\/wp\/v2\/types\/product"}],"wp:featuredmedia":[{"embeddable":true,"href":"https:\/\/ruepouchkine.com\/en\/wp-json\/wp\/v2\/media\/7946"}],"wp:attachment":[{"href":"https:\/\/ruepouchkine.com\/en\/wp-json\/wp\/v2\/media?parent=7120"}],"wp:term":[{"taxonomy":"product_cat","embeddable":true,"href":"https:\/\/ruepouchkine.com\/en\/wp-json\/wp\/v2\/product_cat?post=7120"},{"taxonomy":"product_tag","embeddable":true,"href":"https:\/\/ruepouchkine.com\/en\/wp-json\/wp\/v2\/product_tag?post=7120"}],"curies":[{"name":"wp","href":"https:\/\/api.w.org\/{rel}","templated":true}]}}