{"id":7209,"date":"2020-11-29T15:37:45","date_gmt":"2020-11-29T14:37:45","guid":{"rendered":"https:\/\/ruepouchkine.com\/?post_type=product&#038;p=7209"},"modified":"2023-09-05T19:38:15","modified_gmt":"2023-09-05T17:38:15","slug":"pere-noel-au-pompon-4","status":"publish","type":"product","link":"https:\/\/ruepouchkine.com\/en\/produit\/pere-noel-au-pompon-4\/","title":{"rendered":"Santa Claus and his hat with a pompom"},"content":{"rendered":"","protected":false},"excerpt":{"rendered":"<p>Tr\u00e8s beau p\u00e8re No\u00ebl avec un costume magnifique :<br \/>\nRouge, blanc, vert et or avec plein de d\u00e9tails le rendent tr\u00e8s beau.<br \/>\nVisage plein de bienveillance : un beau p\u00e8re No\u00ebl pour vos d\u00e9corations de No\u00ebl, non?<br \/>\nBois de tilleul &#8211; enti\u00e8rement fait mains.<br \/>\nTaille : 28 cm<\/p>\n","protected":false},"featured_media":6901,"template":"","meta":{"_et_pb_use_builder":"","_et_pb_old_content":"","_et_gb_content_width":""},"product_cat":[15,21,80],"product_tag":[],"_links":{"self":[{"href":"https:\/\/ruepouchkine.com\/en\/wp-json\/wp\/v2\/product\/7209"}],"collection":[{"href":"https:\/\/ruepouchkine.com\/en\/wp-json\/wp\/v2\/product"}],"about":[{"href":"https:\/\/ruepouchkine.com\/en\/wp-json\/wp\/v2\/types\/product"}],"wp:featuredmedia":[{"embeddable":true,"href":"https:\/\/ruepouchkine.com\/en\/wp-json\/wp\/v2\/media\/6901"}],"wp:attachment":[{"href":"https:\/\/ruepouchkine.com\/en\/wp-json\/wp\/v2\/media?parent=7209"}],"wp:term":[{"taxonomy":"product_cat","embeddable":true,"href":"https:\/\/ruepouchkine.com\/en\/wp-json\/wp\/v2\/product_cat?post=7209"},{"taxonomy":"product_tag","embeddable":true,"href":"https:\/\/ruepouchkine.com\/en\/wp-json\/wp\/v2\/product_tag?post=7209"}],"curies":[{"name":"wp","href":"https:\/\/api.w.org\/{rel}","templated":true}]}}