{"id":7212,"date":"2020-11-29T15:48:34","date_gmt":"2020-11-29T14:48:34","guid":{"rendered":"https:\/\/ruepouchkine.com\/?post_type=product&#038;p=7212"},"modified":"2023-09-05T19:38:15","modified_gmt":"2023-09-05T17:38:15","slug":"pere-noel-avec-son-gros-sapin","status":"publish","type":"product","link":"https:\/\/ruepouchkine.com\/en\/produit\/pere-noel-avec-son-gros-sapin\/","title":{"rendered":"(Fran\u00e7ais) P\u00e8re No\u00ebl avec son gros sapin"},"content":{"rendered":"","protected":false},"excerpt":{"rendered":"<p class=\"qtranxs-available-languages-message qtranxs-available-languages-message-en\">Sorry, this entry is only available in <a href=\"https:\/\/ruepouchkine.com\/fr\/wp-json\/wp\/v2\/product\/7212\" class=\"qtranxs-available-language-link qtranxs-available-language-link-fr\" title=\"Fran\u00e7ais\">French<\/a>.<\/p>\n","protected":false},"featured_media":6858,"template":"","meta":{"_et_pb_use_builder":"","_et_pb_old_content":"","_et_gb_content_width":""},"product_cat":[15,21,73],"product_tag":[],"_links":{"self":[{"href":"https:\/\/ruepouchkine.com\/en\/wp-json\/wp\/v2\/product\/7212"}],"collection":[{"href":"https:\/\/ruepouchkine.com\/en\/wp-json\/wp\/v2\/product"}],"about":[{"href":"https:\/\/ruepouchkine.com\/en\/wp-json\/wp\/v2\/types\/product"}],"wp:featuredmedia":[{"embeddable":true,"href":"https:\/\/ruepouchkine.com\/en\/wp-json\/wp\/v2\/media\/6858"}],"wp:attachment":[{"href":"https:\/\/ruepouchkine.com\/en\/wp-json\/wp\/v2\/media?parent=7212"}],"wp:term":[{"taxonomy":"product_cat","embeddable":true,"href":"https:\/\/ruepouchkine.com\/en\/wp-json\/wp\/v2\/product_cat?post=7212"},{"taxonomy":"product_tag","embeddable":true,"href":"https:\/\/ruepouchkine.com\/en\/wp-json\/wp\/v2\/product_tag?post=7212"}],"curies":[{"name":"wp","href":"https:\/\/api.w.org\/{rel}","templated":true}]}}