{"id":7819,"date":"2020-12-10T21:53:55","date_gmt":"2020-12-10T20:53:55","guid":{"rendered":"https:\/\/ruepouchkine.com\/?post_type=product&#038;p=7819"},"modified":"2023-09-05T19:35:01","modified_gmt":"2023-09-05T17:35:01","slug":"pere-noel-62","status":"publish","type":"product","link":"https:\/\/ruepouchkine.com\/en\/produit\/pere-noel-62\/","title":{"rendered":"Santa Claus"},"content":{"rendered":"","protected":false},"excerpt":{"rendered":"<p>Beau p\u00e8re No\u00ebl droit dans un tr\u00e8s beau manteau rouge, blanc et or &#8211; bois de tilleul.<br \/>\nLe travail \u00e0 la feuille dor\u00e9e fait par Elena lui donne une allure belle et fi\u00e8re.<br \/>\nHauteur : 20,5 cm<\/p>\n","protected":false},"featured_media":7820,"template":"","meta":{"_et_pb_use_builder":"","_et_pb_old_content":"","_et_gb_content_width":""},"product_cat":[15,21,73],"product_tag":[],"_links":{"self":[{"href":"https:\/\/ruepouchkine.com\/en\/wp-json\/wp\/v2\/product\/7819"}],"collection":[{"href":"https:\/\/ruepouchkine.com\/en\/wp-json\/wp\/v2\/product"}],"about":[{"href":"https:\/\/ruepouchkine.com\/en\/wp-json\/wp\/v2\/types\/product"}],"wp:featuredmedia":[{"embeddable":true,"href":"https:\/\/ruepouchkine.com\/en\/wp-json\/wp\/v2\/media\/7820"}],"wp:attachment":[{"href":"https:\/\/ruepouchkine.com\/en\/wp-json\/wp\/v2\/media?parent=7819"}],"wp:term":[{"taxonomy":"product_cat","embeddable":true,"href":"https:\/\/ruepouchkine.com\/en\/wp-json\/wp\/v2\/product_cat?post=7819"},{"taxonomy":"product_tag","embeddable":true,"href":"https:\/\/ruepouchkine.com\/en\/wp-json\/wp\/v2\/product_tag?post=7819"}],"curies":[{"name":"wp","href":"https:\/\/api.w.org\/{rel}","templated":true}]}}