{"id":8027,"date":"2020-12-12T15:56:29","date_gmt":"2020-12-12T14:56:29","guid":{"rendered":"https:\/\/ruepouchkine.com\/?post_type=product&#038;p=8027"},"modified":"2023-09-05T19:34:58","modified_gmt":"2023-09-05T17:34:58","slug":"pere-noel-83","status":"publish","type":"product","link":"https:\/\/ruepouchkine.com\/en\/produit\/pere-noel-83\/","title":{"rendered":"(Fran\u00e7ais) P\u00e8re No\u00ebl"},"content":{"rendered":"","protected":false},"excerpt":{"rendered":"<p class=\"qtranxs-available-languages-message qtranxs-available-languages-message-en\">Sorry, this entry is only available in <a href=\"https:\/\/ruepouchkine.com\/fr\/wp-json\/wp\/v2\/product\/8027\" class=\"qtranxs-available-language-link qtranxs-available-language-link-fr\" title=\"Fran\u00e7ais\">French<\/a>.<\/p>\n","protected":false},"featured_media":8013,"template":"","meta":{"_et_pb_use_builder":"","_et_pb_old_content":"","_et_gb_content_width":""},"product_cat":[15,21,73],"product_tag":[],"_links":{"self":[{"href":"https:\/\/ruepouchkine.com\/en\/wp-json\/wp\/v2\/product\/8027"}],"collection":[{"href":"https:\/\/ruepouchkine.com\/en\/wp-json\/wp\/v2\/product"}],"about":[{"href":"https:\/\/ruepouchkine.com\/en\/wp-json\/wp\/v2\/types\/product"}],"wp:featuredmedia":[{"embeddable":true,"href":"https:\/\/ruepouchkine.com\/en\/wp-json\/wp\/v2\/media\/8013"}],"wp:attachment":[{"href":"https:\/\/ruepouchkine.com\/en\/wp-json\/wp\/v2\/media?parent=8027"}],"wp:term":[{"taxonomy":"product_cat","embeddable":true,"href":"https:\/\/ruepouchkine.com\/en\/wp-json\/wp\/v2\/product_cat?post=8027"},{"taxonomy":"product_tag","embeddable":true,"href":"https:\/\/ruepouchkine.com\/en\/wp-json\/wp\/v2\/product_tag?post=8027"}],"curies":[{"name":"wp","href":"https:\/\/api.w.org\/{rel}","templated":true}]}}