{"id":8030,"date":"2020-12-12T16:04:25","date_gmt":"2020-12-12T15:04:25","guid":{"rendered":"https:\/\/ruepouchkine.com\/?post_type=product&#038;p=8030"},"modified":"2023-09-05T19:34:58","modified_gmt":"2023-09-05T17:34:58","slug":"pere-noel-86","status":"publish","type":"product","link":"https:\/\/ruepouchkine.com\/en\/produit\/pere-noel-86\/","title":{"rendered":"Santa Claus"},"content":{"rendered":"","protected":false},"excerpt":{"rendered":"<p>Adorable petit p\u00e8re No\u00ebl v\u00eatu de bleu et blanc.<br \/>\nLe p\u00e8re No\u00ebl russe n&#8217;est pas habill\u00e9 de rouge, il est aux couleurs de la neige,<br \/>\nqui varie du blanc au bleu nuit en fonction de l&#8217;heure de la journ\u00e9e.<br \/>\nBois de tilleul.<br \/>\nHauteur : 18,5 cm<\/p>\n","protected":false},"featured_media":8016,"template":"","meta":{"_et_pb_use_builder":"","_et_pb_old_content":"","_et_gb_content_width":""},"product_cat":[15,21,73],"product_tag":[],"_links":{"self":[{"href":"https:\/\/ruepouchkine.com\/en\/wp-json\/wp\/v2\/product\/8030"}],"collection":[{"href":"https:\/\/ruepouchkine.com\/en\/wp-json\/wp\/v2\/product"}],"about":[{"href":"https:\/\/ruepouchkine.com\/en\/wp-json\/wp\/v2\/types\/product"}],"wp:featuredmedia":[{"embeddable":true,"href":"https:\/\/ruepouchkine.com\/en\/wp-json\/wp\/v2\/media\/8016"}],"wp:attachment":[{"href":"https:\/\/ruepouchkine.com\/en\/wp-json\/wp\/v2\/media?parent=8030"}],"wp:term":[{"taxonomy":"product_cat","embeddable":true,"href":"https:\/\/ruepouchkine.com\/en\/wp-json\/wp\/v2\/product_cat?post=8030"},{"taxonomy":"product_tag","embeddable":true,"href":"https:\/\/ruepouchkine.com\/en\/wp-json\/wp\/v2\/product_tag?post=8030"}],"curies":[{"name":"wp","href":"https:\/\/api.w.org\/{rel}","templated":true}]}}