{"id":8138,"date":"2020-12-12T20:24:58","date_gmt":"2020-12-12T19:24:58","guid":{"rendered":"https:\/\/ruepouchkine.com\/?post_type=product&#038;p=8138"},"modified":"2023-09-05T19:34:56","modified_gmt":"2023-09-05T17:34:56","slug":"eglise-en-bois-2","status":"publish","type":"product","link":"https:\/\/ruepouchkine.com\/en\/produit\/eglise-en-bois-2\/","title":{"rendered":"Eglise en bois"},"content":{"rendered":"","protected":false},"excerpt":{"rendered":"<p>Jolie petite \u00e9glise en bois. Pi\u00e8ce unique.<br \/>\nPrenez le temps de regarder le travail r\u00e9alis\u00e9 par Tamara, raffin\u00e9 et d&#8217;une grande finesse.<br \/>\nVous pourrez int\u00e9grer cette \u00e9glise dans vos d\u00e9corations.<br \/>\nHauteur : 12 cm et largeur du socle : 7 cm<\/p>\n","protected":false},"featured_media":8136,"template":"","meta":{"_et_pb_use_builder":"","_et_pb_old_content":"","_et_gb_content_width":""},"product_cat":[15,82],"product_tag":[],"_links":{"self":[{"href":"https:\/\/ruepouchkine.com\/en\/wp-json\/wp\/v2\/product\/8138"}],"collection":[{"href":"https:\/\/ruepouchkine.com\/en\/wp-json\/wp\/v2\/product"}],"about":[{"href":"https:\/\/ruepouchkine.com\/en\/wp-json\/wp\/v2\/types\/product"}],"wp:featuredmedia":[{"embeddable":true,"href":"https:\/\/ruepouchkine.com\/en\/wp-json\/wp\/v2\/media\/8136"}],"wp:attachment":[{"href":"https:\/\/ruepouchkine.com\/en\/wp-json\/wp\/v2\/media?parent=8138"}],"wp:term":[{"taxonomy":"product_cat","embeddable":true,"href":"https:\/\/ruepouchkine.com\/en\/wp-json\/wp\/v2\/product_cat?post=8138"},{"taxonomy":"product_tag","embeddable":true,"href":"https:\/\/ruepouchkine.com\/en\/wp-json\/wp\/v2\/product_tag?post=8138"}],"curies":[{"name":"wp","href":"https:\/\/api.w.org\/{rel}","templated":true}]}}