{"id":8215,"date":"2020-12-12T21:44:17","date_gmt":"2020-12-12T20:44:17","guid":{"rendered":"https:\/\/ruepouchkine.com\/?post_type=product&#038;p=8215"},"modified":"2023-09-05T19:34:55","modified_gmt":"2023-09-05T17:34:55","slug":"eglise-en-bois-10","status":"publish","type":"product","link":"https:\/\/ruepouchkine.com\/en\/produit\/eglise-en-bois-10\/","title":{"rendered":"Wooden church"},"content":{"rendered":"","protected":false},"excerpt":{"rendered":"<p>Jolie petite \u00e9glise en bois. Pi\u00e8ce unique.<br \/>\nPrenez le temps de regarder le travail raffin\u00e9 et d&#8217;une grande finesse r\u00e9alis\u00e9 par Tamara.<br \/>\nVous pourrez int\u00e9grer cette \u00e9glise dans vos d\u00e9corations.<br \/>\nHauteur : 9,5 cm et largeur du socle : 5,5 cm<\/p>\n","protected":false},"featured_media":8174,"template":"","meta":{"_et_pb_use_builder":"","_et_pb_old_content":"","_et_gb_content_width":""},"product_cat":[15,82],"product_tag":[],"_links":{"self":[{"href":"https:\/\/ruepouchkine.com\/en\/wp-json\/wp\/v2\/product\/8215"}],"collection":[{"href":"https:\/\/ruepouchkine.com\/en\/wp-json\/wp\/v2\/product"}],"about":[{"href":"https:\/\/ruepouchkine.com\/en\/wp-json\/wp\/v2\/types\/product"}],"wp:featuredmedia":[{"embeddable":true,"href":"https:\/\/ruepouchkine.com\/en\/wp-json\/wp\/v2\/media\/8174"}],"wp:attachment":[{"href":"https:\/\/ruepouchkine.com\/en\/wp-json\/wp\/v2\/media?parent=8215"}],"wp:term":[{"taxonomy":"product_cat","embeddable":true,"href":"https:\/\/ruepouchkine.com\/en\/wp-json\/wp\/v2\/product_cat?post=8215"},{"taxonomy":"product_tag","embeddable":true,"href":"https:\/\/ruepouchkine.com\/en\/wp-json\/wp\/v2\/product_tag?post=8215"}],"curies":[{"name":"wp","href":"https:\/\/api.w.org\/{rel}","templated":true}]}}